{"id":801,"date":"2023-05-02T20:09:16","date_gmt":"2023-05-02T23:09:16","guid":{"rendered":"https:\/\/destinationsjc.com.br\/?page_id=801"},"modified":"2026-02-26T11:49:03","modified_gmt":"2026-02-26T14:49:03","slug":"onde-ficar","status":"publish","type":"page","link":"https:\/\/destinationsjc.com.br\/novo\/onde-ficar\/","title":{"rendered":"Onde Ficar"},"content":{"rendered":"\n<p>A rede hoteleira de S\u00e3o Jos\u00e9 tem algumas das principais bandeiras do pa\u00eds e exterior. Com ampla capacidade e instala\u00e7\u00f5es modernas, em locais estrat\u00e9gicos, com f\u00e1cil acesso \u00e0s principais rodovias da regi\u00e3o, os hot\u00e9is de S\u00e3o Jos\u00e9 s\u00e3o perfeitos para hospedagens de turismo e trabalho, oferecendo todas as conveni\u00eancias com di\u00e1rias a pre\u00e7os competitivos.<\/p>\n","protected":false},"excerpt":{"rendered":"<p>A rede hoteleira de S\u00e3o Jos\u00e9 tem algumas das principais bandeiras do pa\u00eds e exterior. Com ampla capacidade e instala\u00e7\u00f5es &#8230;<\/p>\n","protected":false},"author":4,"featured_media":0,"parent":0,"menu_order":0,"comment_status":"closed","ping_status":"closed","template":"","meta":{"_acf_changed":false,"footnotes":""},"class_list":["post-801","page","type-page","status-publish","hentry"],"acf":[],"yoast_head":"<!-- This site is optimized with the Yoast SEO plugin v27.0 - https:\/\/yoast.com\/product\/yoast-seo-wordpress\/ -->\n<title>Onde Ficar - Destination SJC<\/title>\n<meta name=\"description\" content=\"A rede hoteleira de S\u00e3o Jos\u00e9 tem algumas das principais bandeiras do pa\u00eds e exterior. Com ampla capacidade e instala\u00e7\u00f5es modernas, em locais estrat\u00e9gicos,\" \/>\n<meta name=\"robots\" content=\"index, follow, max-snippet:-1, max-image-preview:large, max-video-preview:-1\" \/>\n<link rel=\"canonical\" href=\"https:\/\/destinationsjc.com.br\/novo\/onde-ficar\/\" \/>\n<meta property=\"og:locale\" content=\"pt_BR\" \/>\n<meta property=\"og:type\" content=\"article\" \/>\n<meta property=\"og:title\" content=\"Onde Ficar - Destination SJC\" \/>\n<meta property=\"og:description\" content=\"A rede hoteleira de S\u00e3o Jos\u00e9 tem algumas das principais bandeiras do pa\u00eds e exterior. Com ampla capacidade e instala\u00e7\u00f5es modernas, em locais estrat\u00e9gicos,\" \/>\n<meta property=\"og:url\" content=\"https:\/\/destinationsjc.com.br\/novo\/onde-ficar\/\" \/>\n<meta property=\"og:site_name\" content=\"Destination SJC\" \/>\n<meta property=\"article:publisher\" content=\"https:\/\/www.facebook.com\/destinationsjc\" \/>\n<meta property=\"article:modified_time\" content=\"2026-02-26T14:49:03+00:00\" \/>\n<meta property=\"og:image\" content=\"https:\/\/destinationsjc.com.br\/novo\/wp-content\/uploads\/2021\/12\/logoteste.png\" \/>\n\t<meta property=\"og:image:width\" content=\"532\" \/>\n\t<meta property=\"og:image:height\" content=\"463\" \/>\n\t<meta property=\"og:image:type\" content=\"image\/png\" \/>\n<meta name=\"twitter:card\" content=\"summary_large_image\" \/>\n<script type=\"application\/ld+json\" class=\"yoast-schema-graph\">{\"@context\":\"https:\/\/schema.org\",\"@graph\":[{\"@type\":\"WebPage\",\"@id\":\"https:\/\/destinationsjc.com.br\/novo\/onde-ficar\/\",\"url\":\"https:\/\/destinationsjc.com.br\/novo\/onde-ficar\/\",\"name\":\"Onde Ficar - Destination SJC\",\"isPartOf\":{\"@id\":\"https:\/\/destinationsjc.com.br\/novo\/#website\"},\"datePublished\":\"2023-05-02T23:09:16+00:00\",\"dateModified\":\"2026-02-26T14:49:03+00:00\",\"description\":\"A rede hoteleira de S\u00e3o Jos\u00e9 tem algumas das principais bandeiras do pa\u00eds e exterior. Com ampla capacidade e instala\u00e7\u00f5es modernas, em locais estrat\u00e9gicos,\",\"inLanguage\":\"pt-BR\",\"potentialAction\":[{\"@type\":\"ReadAction\",\"target\":[\"https:\/\/destinationsjc.com.br\/novo\/onde-ficar\/\"]}]},{\"@type\":\"WebSite\",\"@id\":\"https:\/\/destinationsjc.com.br\/novo\/#website\",\"url\":\"https:\/\/destinationsjc.com.br\/novo\/\",\"name\":\"Destination SJC\",\"description\":\"Site institucional da entidade Destination S\u00e3o Jos\u00e9 dos Campos\",\"publisher\":{\"@id\":\"https:\/\/destinationsjc.com.br\/novo\/#organization\"},\"alternateName\":\"Destination S\u00e3o Jos\u00e9 dos Campos\",\"potentialAction\":[{\"@type\":\"SearchAction\",\"target\":{\"@type\":\"EntryPoint\",\"urlTemplate\":\"https:\/\/destinationsjc.com.br\/novo\/?s={search_term_string}\"},\"query-input\":{\"@type\":\"PropertyValueSpecification\",\"valueRequired\":true,\"valueName\":\"search_term_string\"}}],\"inLanguage\":\"pt-BR\"},{\"@type\":\"Organization\",\"@id\":\"https:\/\/destinationsjc.com.br\/novo\/#organization\",\"name\":\"Destination SJC\",\"alternateName\":\"Destination S\u00e3o Jos\u00e9 dos Campos\",\"url\":\"https:\/\/destinationsjc.com.br\/novo\/\",\"logo\":{\"@type\":\"ImageObject\",\"inLanguage\":\"pt-BR\",\"@id\":\"https:\/\/destinationsjc.com.br\/novo\/#\/schema\/logo\/image\/\",\"url\":\"https:\/\/destinationsjc.com.br\/novo\/wp-content\/uploads\/2021\/12\/logoteste.png\",\"contentUrl\":\"https:\/\/destinationsjc.com.br\/novo\/wp-content\/uploads\/2021\/12\/logoteste.png\",\"width\":532,\"height\":463,\"caption\":\"Destination SJC\"},\"image\":{\"@id\":\"https:\/\/destinationsjc.com.br\/novo\/#\/schema\/logo\/image\/\"},\"sameAs\":[\"https:\/\/www.facebook.com\/destinationsjc\",\"https:\/\/www.instagram.com\/destinationsjc\/\"]}]}<\/script>\n<!-- \/ Yoast SEO plugin. -->","yoast_head_json":{"title":"Onde Ficar - Destination SJC","description":"A rede hoteleira de S\u00e3o Jos\u00e9 tem algumas das principais bandeiras do pa\u00eds e exterior. Com ampla capacidade e instala\u00e7\u00f5es modernas, em locais estrat\u00e9gicos,","robots":{"index":"index","follow":"follow","max-snippet":"max-snippet:-1","max-image-preview":"max-image-preview:large","max-video-preview":"max-video-preview:-1"},"canonical":"https:\/\/destinationsjc.com.br\/novo\/onde-ficar\/","og_locale":"pt_BR","og_type":"article","og_title":"Onde Ficar - Destination SJC","og_description":"A rede hoteleira de S\u00e3o Jos\u00e9 tem algumas das principais bandeiras do pa\u00eds e exterior. Com ampla capacidade e instala\u00e7\u00f5es modernas, em locais estrat\u00e9gicos,","og_url":"https:\/\/destinationsjc.com.br\/novo\/onde-ficar\/","og_site_name":"Destination SJC","article_publisher":"https:\/\/www.facebook.com\/destinationsjc","article_modified_time":"2026-02-26T14:49:03+00:00","og_image":[{"width":532,"height":463,"url":"https:\/\/destinationsjc.com.br\/novo\/wp-content\/uploads\/2021\/12\/logoteste.png","type":"image\/png"}],"twitter_card":"summary_large_image","schema":{"@context":"https:\/\/schema.org","@graph":[{"@type":"WebPage","@id":"https:\/\/destinationsjc.com.br\/novo\/onde-ficar\/","url":"https:\/\/destinationsjc.com.br\/novo\/onde-ficar\/","name":"Onde Ficar - Destination SJC","isPartOf":{"@id":"https:\/\/destinationsjc.com.br\/novo\/#website"},"datePublished":"2023-05-02T23:09:16+00:00","dateModified":"2026-02-26T14:49:03+00:00","description":"A rede hoteleira de S\u00e3o Jos\u00e9 tem algumas das principais bandeiras do pa\u00eds e exterior. Com ampla capacidade e instala\u00e7\u00f5es modernas, em locais estrat\u00e9gicos,","inLanguage":"pt-BR","potentialAction":[{"@type":"ReadAction","target":["https:\/\/destinationsjc.com.br\/novo\/onde-ficar\/"]}]},{"@type":"WebSite","@id":"https:\/\/destinationsjc.com.br\/novo\/#website","url":"https:\/\/destinationsjc.com.br\/novo\/","name":"Destination SJC","description":"Site institucional da entidade Destination S\u00e3o Jos\u00e9 dos Campos","publisher":{"@id":"https:\/\/destinationsjc.com.br\/novo\/#organization"},"alternateName":"Destination S\u00e3o Jos\u00e9 dos Campos","potentialAction":[{"@type":"SearchAction","target":{"@type":"EntryPoint","urlTemplate":"https:\/\/destinationsjc.com.br\/novo\/?s={search_term_string}"},"query-input":{"@type":"PropertyValueSpecification","valueRequired":true,"valueName":"search_term_string"}}],"inLanguage":"pt-BR"},{"@type":"Organization","@id":"https:\/\/destinationsjc.com.br\/novo\/#organization","name":"Destination SJC","alternateName":"Destination S\u00e3o Jos\u00e9 dos Campos","url":"https:\/\/destinationsjc.com.br\/novo\/","logo":{"@type":"ImageObject","inLanguage":"pt-BR","@id":"https:\/\/destinationsjc.com.br\/novo\/#\/schema\/logo\/image\/","url":"https:\/\/destinationsjc.com.br\/novo\/wp-content\/uploads\/2021\/12\/logoteste.png","contentUrl":"https:\/\/destinationsjc.com.br\/novo\/wp-content\/uploads\/2021\/12\/logoteste.png","width":532,"height":463,"caption":"Destination SJC"},"image":{"@id":"https:\/\/destinationsjc.com.br\/novo\/#\/schema\/logo\/image\/"},"sameAs":["https:\/\/www.facebook.com\/destinationsjc","https:\/\/www.instagram.com\/destinationsjc\/"]}]}},"_links":{"self":[{"href":"https:\/\/destinationsjc.com.br\/novo\/wp-json\/wp\/v2\/pages\/801","targetHints":{"allow":["GET"]}}],"collection":[{"href":"https:\/\/destinationsjc.com.br\/novo\/wp-json\/wp\/v2\/pages"}],"about":[{"href":"https:\/\/destinationsjc.com.br\/novo\/wp-json\/wp\/v2\/types\/page"}],"author":[{"embeddable":true,"href":"https:\/\/destinationsjc.com.br\/novo\/wp-json\/wp\/v2\/users\/4"}],"replies":[{"embeddable":true,"href":"https:\/\/destinationsjc.com.br\/novo\/wp-json\/wp\/v2\/comments?post=801"}],"version-history":[{"count":12,"href":"https:\/\/destinationsjc.com.br\/novo\/wp-json\/wp\/v2\/pages\/801\/revisions"}],"predecessor-version":[{"id":1542,"href":"https:\/\/destinationsjc.com.br\/novo\/wp-json\/wp\/v2\/pages\/801\/revisions\/1542"}],"wp:attachment":[{"href":"https:\/\/destinationsjc.com.br\/novo\/wp-json\/wp\/v2\/media?parent=801"}],"curies":[{"name":"wp","href":"https:\/\/api.w.org\/{rel}","templated":true}]}}