{"id":27,"date":"2021-12-09T10:36:08","date_gmt":"2021-12-09T13:36:08","guid":{"rendered":"https:\/\/destinationsjc.com.br\/novo\/?page_id=27"},"modified":"2026-02-26T12:41:25","modified_gmt":"2026-02-26T15:41:25","slug":"seja-um-associado","status":"publish","type":"page","link":"https:\/\/destinationsjc.com.br\/novo\/seja-um-associado\/","title":{"rendered":"Seja um Associado"},"content":{"rendered":"\n<h3 class=\"wp-block-heading\">BENEF\u00cdCIOS DE SER ASSOCIADO<\/h3>\n\n\n\n<p><strong>RELACIONAMENTO<\/strong><br>\u2022 Integra\u00e7\u00e3o e conex\u00e3o com empresas associadas<br>\u2022 Acesso a plataforma exclusiva de associados no site<br>\u2022 Acesso ao mailing de associados<br>\u2022 Participa\u00e7\u00e3o nos eventos realizados e apoiados pela S\u00e3o Jos\u00e9 dos Campos Destination<br><br><strong>CONTE\u00daDO<\/strong><br>\u2022 Acesso ao calend\u00e1rio de eventos anual da cidade para prospec\u00e7\u00e3o de neg\u00f3cios<br>\u2022 Cursos e palestras atrav\u00e9s da S\u00e3o Jos\u00e9 dos Campos Destination com valores especiais<br>\u2022 Publica\u00e7\u00f5es e conte\u00fados com informa\u00e7\u00f5es de intelig\u00eancia de mercado<br>\u2022 Acesso ao banco de imagens em alta resolu\u00e7\u00e3o<br><br><strong>NEG\u00d3CIOS<\/strong><br>\u2022 Oportunidade de neg\u00f3cios atrav\u00e9s dos eventos promovidos, captados e apoiados<br>\u2022 Descontos exclusivos em eventos pr\u00f3prios, das entidades e empresas parceiras<br>\u2022 Visibilidade de sua marca no portal, redes sociais e materiais impressos<br>\u2022 Programa de descontos e benef\u00edcios oferecidos pelos associados<br>\u2022 Membro Unedestinos &#8211; Uni\u00e3o Nacional de CVBs e Entidades de Destinos<\/p>\n\n\n\n<h3 class=\"wp-block-heading\">INTEGRE-SE<\/h3>\n\n\n\n<p>Even Mota \u2013 Assessoria Executiva 12 98873-7090<br><a href=\"mailto:even.mota@destinationsjc.com.br\" target=\"_blank\" rel=\"noreferrer noopener\">even.mota@destinationsjc.com.br<\/a><br><br><\/p>\n","protected":false},"excerpt":{"rendered":"<p>BENEF\u00cdCIOS DE SER ASSOCIADO<\/p>\n<p>RELACIONAMENTO\u2022 Integra\u00e7\u00e3o e conex\u00e3o com empresas associadas\u2022 Acesso a plataforma exclusiva de associados no site\u2022 Acesso ao &#8230;<\/p>\n","protected":false},"author":1,"featured_media":0,"parent":0,"menu_order":0,"comment_status":"closed","ping_status":"closed","template":"","meta":{"_acf_changed":false,"footnotes":""},"class_list":["post-27","page","type-page","status-publish","hentry"],"acf":[],"yoast_head":"<!-- This site is optimized with the Yoast SEO plugin v27.0 - https:\/\/yoast.com\/product\/yoast-seo-wordpress\/ -->\n<title>Seja um Associado - Destination SJC<\/title>\n<meta name=\"description\" content=\"BENEF\u00cdCIOS DE SER ASSOCIADO RELACIONAMENTO\u2022 Integra\u00e7\u00e3o e conex\u00e3o com empresas associadas\u2022 Acesso a plataforma exclusiva de associados no site\u2022 Acesso ao\" \/>\n<meta name=\"robots\" content=\"index, follow, max-snippet:-1, max-image-preview:large, max-video-preview:-1\" \/>\n<link rel=\"canonical\" href=\"https:\/\/destinationsjc.com.br\/novo\/seja-um-associado\/\" \/>\n<meta property=\"og:locale\" content=\"pt_BR\" \/>\n<meta property=\"og:type\" content=\"article\" \/>\n<meta property=\"og:title\" content=\"Seja um Associado - Destination SJC\" \/>\n<meta property=\"og:description\" content=\"BENEF\u00cdCIOS DE SER ASSOCIADO RELACIONAMENTO\u2022 Integra\u00e7\u00e3o e conex\u00e3o com empresas associadas\u2022 Acesso a plataforma exclusiva de associados no site\u2022 Acesso ao\" \/>\n<meta property=\"og:url\" content=\"https:\/\/destinationsjc.com.br\/novo\/seja-um-associado\/\" \/>\n<meta property=\"og:site_name\" content=\"Destination SJC\" \/>\n<meta property=\"article:publisher\" content=\"https:\/\/www.facebook.com\/destinationsjc\" \/>\n<meta property=\"article:modified_time\" content=\"2026-02-26T15:41:25+00:00\" \/>\n<meta property=\"og:image\" content=\"https:\/\/destinationsjc.com.br\/novo\/wp-content\/uploads\/2021\/12\/logoteste.png\" \/>\n\t<meta property=\"og:image:width\" content=\"532\" \/>\n\t<meta property=\"og:image:height\" content=\"463\" \/>\n\t<meta property=\"og:image:type\" content=\"image\/png\" \/>\n<meta name=\"twitter:card\" content=\"summary_large_image\" \/>\n<meta name=\"twitter:label1\" content=\"Est. tempo de leitura\" \/>\n\t<meta name=\"twitter:data1\" content=\"2 minutos\" \/>\n<script type=\"application\/ld+json\" class=\"yoast-schema-graph\">{\"@context\":\"https:\/\/schema.org\",\"@graph\":[{\"@type\":\"WebPage\",\"@id\":\"https:\/\/destinationsjc.com.br\/novo\/seja-um-associado\/\",\"url\":\"https:\/\/destinationsjc.com.br\/novo\/seja-um-associado\/\",\"name\":\"Seja um Associado - Destination SJC\",\"isPartOf\":{\"@id\":\"https:\/\/destinationsjc.com.br\/novo\/#website\"},\"datePublished\":\"2021-12-09T13:36:08+00:00\",\"dateModified\":\"2026-02-26T15:41:25+00:00\",\"description\":\"BENEF\u00cdCIOS DE SER ASSOCIADO RELACIONAMENTO\u2022 Integra\u00e7\u00e3o e conex\u00e3o com empresas associadas\u2022 Acesso a plataforma exclusiva de associados no site\u2022 Acesso ao\",\"inLanguage\":\"pt-BR\",\"potentialAction\":[{\"@type\":\"ReadAction\",\"target\":[\"https:\/\/destinationsjc.com.br\/novo\/seja-um-associado\/\"]}]},{\"@type\":\"WebSite\",\"@id\":\"https:\/\/destinationsjc.com.br\/novo\/#website\",\"url\":\"https:\/\/destinationsjc.com.br\/novo\/\",\"name\":\"Destination SJC\",\"description\":\"Site institucional da entidade Destination S\u00e3o Jos\u00e9 dos Campos\",\"publisher\":{\"@id\":\"https:\/\/destinationsjc.com.br\/novo\/#organization\"},\"alternateName\":\"Destination S\u00e3o Jos\u00e9 dos Campos\",\"potentialAction\":[{\"@type\":\"SearchAction\",\"target\":{\"@type\":\"EntryPoint\",\"urlTemplate\":\"https:\/\/destinationsjc.com.br\/novo\/?s={search_term_string}\"},\"query-input\":{\"@type\":\"PropertyValueSpecification\",\"valueRequired\":true,\"valueName\":\"search_term_string\"}}],\"inLanguage\":\"pt-BR\"},{\"@type\":\"Organization\",\"@id\":\"https:\/\/destinationsjc.com.br\/novo\/#organization\",\"name\":\"Destination SJC\",\"alternateName\":\"Destination S\u00e3o Jos\u00e9 dos Campos\",\"url\":\"https:\/\/destinationsjc.com.br\/novo\/\",\"logo\":{\"@type\":\"ImageObject\",\"inLanguage\":\"pt-BR\",\"@id\":\"https:\/\/destinationsjc.com.br\/novo\/#\/schema\/logo\/image\/\",\"url\":\"https:\/\/destinationsjc.com.br\/novo\/wp-content\/uploads\/2021\/12\/logoteste.png\",\"contentUrl\":\"https:\/\/destinationsjc.com.br\/novo\/wp-content\/uploads\/2021\/12\/logoteste.png\",\"width\":532,\"height\":463,\"caption\":\"Destination SJC\"},\"image\":{\"@id\":\"https:\/\/destinationsjc.com.br\/novo\/#\/schema\/logo\/image\/\"},\"sameAs\":[\"https:\/\/www.facebook.com\/destinationsjc\",\"https:\/\/www.instagram.com\/destinationsjc\/\"]}]}<\/script>\n<!-- \/ Yoast SEO plugin. -->","yoast_head_json":{"title":"Seja um Associado - Destination SJC","description":"BENEF\u00cdCIOS DE SER ASSOCIADO RELACIONAMENTO\u2022 Integra\u00e7\u00e3o e conex\u00e3o com empresas associadas\u2022 Acesso a plataforma exclusiva de associados no site\u2022 Acesso ao","robots":{"index":"index","follow":"follow","max-snippet":"max-snippet:-1","max-image-preview":"max-image-preview:large","max-video-preview":"max-video-preview:-1"},"canonical":"https:\/\/destinationsjc.com.br\/novo\/seja-um-associado\/","og_locale":"pt_BR","og_type":"article","og_title":"Seja um Associado - Destination SJC","og_description":"BENEF\u00cdCIOS DE SER ASSOCIADO RELACIONAMENTO\u2022 Integra\u00e7\u00e3o e conex\u00e3o com empresas associadas\u2022 Acesso a plataforma exclusiva de associados no site\u2022 Acesso ao","og_url":"https:\/\/destinationsjc.com.br\/novo\/seja-um-associado\/","og_site_name":"Destination SJC","article_publisher":"https:\/\/www.facebook.com\/destinationsjc","article_modified_time":"2026-02-26T15:41:25+00:00","og_image":[{"width":532,"height":463,"url":"https:\/\/destinationsjc.com.br\/novo\/wp-content\/uploads\/2021\/12\/logoteste.png","type":"image\/png"}],"twitter_card":"summary_large_image","twitter_misc":{"Est. tempo de leitura":"2 minutos"},"schema":{"@context":"https:\/\/schema.org","@graph":[{"@type":"WebPage","@id":"https:\/\/destinationsjc.com.br\/novo\/seja-um-associado\/","url":"https:\/\/destinationsjc.com.br\/novo\/seja-um-associado\/","name":"Seja um Associado - Destination SJC","isPartOf":{"@id":"https:\/\/destinationsjc.com.br\/novo\/#website"},"datePublished":"2021-12-09T13:36:08+00:00","dateModified":"2026-02-26T15:41:25+00:00","description":"BENEF\u00cdCIOS DE SER ASSOCIADO RELACIONAMENTO\u2022 Integra\u00e7\u00e3o e conex\u00e3o com empresas associadas\u2022 Acesso a plataforma exclusiva de associados no site\u2022 Acesso ao","inLanguage":"pt-BR","potentialAction":[{"@type":"ReadAction","target":["https:\/\/destinationsjc.com.br\/novo\/seja-um-associado\/"]}]},{"@type":"WebSite","@id":"https:\/\/destinationsjc.com.br\/novo\/#website","url":"https:\/\/destinationsjc.com.br\/novo\/","name":"Destination SJC","description":"Site institucional da entidade Destination S\u00e3o Jos\u00e9 dos Campos","publisher":{"@id":"https:\/\/destinationsjc.com.br\/novo\/#organization"},"alternateName":"Destination S\u00e3o Jos\u00e9 dos Campos","potentialAction":[{"@type":"SearchAction","target":{"@type":"EntryPoint","urlTemplate":"https:\/\/destinationsjc.com.br\/novo\/?s={search_term_string}"},"query-input":{"@type":"PropertyValueSpecification","valueRequired":true,"valueName":"search_term_string"}}],"inLanguage":"pt-BR"},{"@type":"Organization","@id":"https:\/\/destinationsjc.com.br\/novo\/#organization","name":"Destination SJC","alternateName":"Destination S\u00e3o Jos\u00e9 dos Campos","url":"https:\/\/destinationsjc.com.br\/novo\/","logo":{"@type":"ImageObject","inLanguage":"pt-BR","@id":"https:\/\/destinationsjc.com.br\/novo\/#\/schema\/logo\/image\/","url":"https:\/\/destinationsjc.com.br\/novo\/wp-content\/uploads\/2021\/12\/logoteste.png","contentUrl":"https:\/\/destinationsjc.com.br\/novo\/wp-content\/uploads\/2021\/12\/logoteste.png","width":532,"height":463,"caption":"Destination SJC"},"image":{"@id":"https:\/\/destinationsjc.com.br\/novo\/#\/schema\/logo\/image\/"},"sameAs":["https:\/\/www.facebook.com\/destinationsjc","https:\/\/www.instagram.com\/destinationsjc\/"]}]}},"_links":{"self":[{"href":"https:\/\/destinationsjc.com.br\/novo\/wp-json\/wp\/v2\/pages\/27","targetHints":{"allow":["GET"]}}],"collection":[{"href":"https:\/\/destinationsjc.com.br\/novo\/wp-json\/wp\/v2\/pages"}],"about":[{"href":"https:\/\/destinationsjc.com.br\/novo\/wp-json\/wp\/v2\/types\/page"}],"author":[{"embeddable":true,"href":"https:\/\/destinationsjc.com.br\/novo\/wp-json\/wp\/v2\/users\/1"}],"replies":[{"embeddable":true,"href":"https:\/\/destinationsjc.com.br\/novo\/wp-json\/wp\/v2\/comments?post=27"}],"version-history":[{"count":10,"href":"https:\/\/destinationsjc.com.br\/novo\/wp-json\/wp\/v2\/pages\/27\/revisions"}],"predecessor-version":[{"id":1544,"href":"https:\/\/destinationsjc.com.br\/novo\/wp-json\/wp\/v2\/pages\/27\/revisions\/1544"}],"wp:attachment":[{"href":"https:\/\/destinationsjc.com.br\/novo\/wp-json\/wp\/v2\/media?parent=27"}],"curies":[{"name":"wp","href":"https:\/\/api.w.org\/{rel}","templated":true}]}}