{"id":1318,"date":"2026-01-30T15:30:05","date_gmt":"2026-01-30T18:30:05","guid":{"rendered":"https:\/\/destinationsjc.com.br\/novo\/?page_id=1318"},"modified":"2026-01-30T15:52:38","modified_gmt":"2026-01-30T18:52:38","slug":"publicacoes","status":"publish","type":"page","link":"https:\/\/destinationsjc.com.br\/novo\/publicacoes\/","title":{"rendered":"Publica\u00e7\u00f5es"},"content":{"rendered":"<div class=\"wp-block-image\">\n<center><figure class=\"aligncenter size-full is-resized\"><a href=\"https:\/\/destinationsjc.com.br\/site\/wp-content\/uploads\/2025\/08\/Varias-Rotas-Um-Destino-2025_compressed.pdf\"><img loading=\"lazy\" decoding=\"async\" width=\"421\" height=\"477\" src=\"https:\/\/destinationsjc.com.br\/novo\/wp-content\/uploads\/2026\/01\/image-11.png\" alt=\"\" class=\"wp-image-1321\" style=\"aspect-ratio:0.8826246478411846;width:367px;height:auto\" srcset=\"https:\/\/destinationsjc.com.br\/novo\/wp-content\/uploads\/2026\/01\/image-11.png 421w, https:\/\/destinationsjc.com.br\/novo\/wp-content\/uploads\/2026\/01\/image-11-265x300.png 265w\" sizes=\"auto, (max-width: 421px) 100vw, 421px\" \/><\/a><\/figure><\/center>\n<\/div>\n\n\n<p class=\"has-text-align-center\"><strong>Livro:<\/strong> <em>V\u00e1rias Rotas, Um Destino<\/em><\/p>\n\n\n\n<p class=\"has-text-align-center\">Ao despertar, a cidade vai \u201cfurando\u201d a<br>tradicional n\u00e9voa, impondo sem pressa<br>seus edif\u00edcios, dando contorno \u00e0 sua mais<br>moderna arquitetura.<br><\/p>\n\n\n\n<div class=\"wp-block-buttons alignfull has-custom-font-size has-medium-font-size is-vertical is-content-justification-center is-layout-flex wp-container-core-buttons-is-layout-89113c13 wp-block-buttons-is-layout-flex\" style=\"font-style:normal;font-weight:700\">\n<center><div class=\"wp-block-button\"><center><a class=\"wp-block-button__link has-text-align-center wp-element-button\" href=\"https:\/\/destinationsjc.com.br\/site\/wp-content\/uploads\/2025\/08\/Varias-Rotas-Um-Destino-2025_compressed.pdf\" style=\"color: #fff !important\">Download<\/a><\/center><\/div><\/center>\n<\/div>\n","protected":false},"excerpt":{"rendered":"<p>Livro: V\u00e1rias Rotas, Um Destino<\/p>\n<p>Ao despertar, a cidade vai \u201cfurando\u201d atradicional n\u00e9voa, impondo sem pressaseus edif\u00edcios, dando contorno \u00e0 sua &#8230;<\/p>\n","protected":false},"author":1,"featured_media":0,"parent":0,"menu_order":0,"comment_status":"closed","ping_status":"closed","template":"","meta":{"_acf_changed":false,"footnotes":""},"class_list":["post-1318","page","type-page","status-publish","hentry"],"acf":[],"yoast_head":"<!-- This site is optimized with the Yoast SEO plugin v27.0 - https:\/\/yoast.com\/product\/yoast-seo-wordpress\/ -->\n<title>Publica\u00e7\u00f5es - Destination SJC<\/title>\n<meta name=\"description\" content=\"Livro: V\u00e1rias Rotas, Um Destino Ao despertar, a cidade vai \u201cfurando\u201d atradicional n\u00e9voa, impondo sem pressaseus edif\u00edcios, dando contorno \u00e0 sua\" \/>\n<meta name=\"robots\" content=\"index, follow, max-snippet:-1, max-image-preview:large, max-video-preview:-1\" \/>\n<link rel=\"canonical\" href=\"https:\/\/destinationsjc.com.br\/novo\/publicacoes\/\" \/>\n<meta property=\"og:locale\" content=\"pt_BR\" \/>\n<meta property=\"og:type\" content=\"article\" \/>\n<meta property=\"og:title\" content=\"Publica\u00e7\u00f5es - Destination SJC\" \/>\n<meta property=\"og:description\" content=\"Livro: V\u00e1rias Rotas, Um Destino Ao despertar, a cidade vai \u201cfurando\u201d atradicional n\u00e9voa, impondo sem pressaseus edif\u00edcios, dando contorno \u00e0 sua\" \/>\n<meta property=\"og:url\" content=\"https:\/\/destinationsjc.com.br\/novo\/publicacoes\/\" \/>\n<meta property=\"og:site_name\" content=\"Destination SJC\" \/>\n<meta property=\"article:publisher\" content=\"https:\/\/www.facebook.com\/destinationsjc\" \/>\n<meta property=\"article:modified_time\" content=\"2026-01-30T18:52:38+00:00\" \/>\n<meta property=\"og:image\" content=\"https:\/\/destinationsjc.com.br\/novo\/wp-content\/uploads\/2026\/01\/image-11.png\" \/>\n<meta name=\"twitter:card\" content=\"summary_large_image\" \/>\n<script type=\"application\/ld+json\" class=\"yoast-schema-graph\">{\"@context\":\"https:\/\/schema.org\",\"@graph\":[{\"@type\":\"WebPage\",\"@id\":\"https:\/\/destinationsjc.com.br\/novo\/publicacoes\/\",\"url\":\"https:\/\/destinationsjc.com.br\/novo\/publicacoes\/\",\"name\":\"Publica\u00e7\u00f5es - Destination SJC\",\"isPartOf\":{\"@id\":\"https:\/\/destinationsjc.com.br\/novo\/#website\"},\"primaryImageOfPage\":{\"@id\":\"https:\/\/destinationsjc.com.br\/novo\/publicacoes\/#primaryimage\"},\"image\":{\"@id\":\"https:\/\/destinationsjc.com.br\/novo\/publicacoes\/#primaryimage\"},\"thumbnailUrl\":\"https:\/\/destinationsjc.com.br\/novo\/wp-content\/uploads\/2026\/01\/image-11.png\",\"datePublished\":\"2026-01-30T18:30:05+00:00\",\"dateModified\":\"2026-01-30T18:52:38+00:00\",\"description\":\"Livro: V\u00e1rias Rotas, Um Destino Ao despertar, a cidade vai \u201cfurando\u201d atradicional n\u00e9voa, impondo sem pressaseus edif\u00edcios, dando contorno \u00e0 sua\",\"inLanguage\":\"pt-BR\",\"potentialAction\":[{\"@type\":\"ReadAction\",\"target\":[\"https:\/\/destinationsjc.com.br\/novo\/publicacoes\/\"]}]},{\"@type\":\"ImageObject\",\"inLanguage\":\"pt-BR\",\"@id\":\"https:\/\/destinationsjc.com.br\/novo\/publicacoes\/#primaryimage\",\"url\":\"https:\/\/destinationsjc.com.br\/novo\/wp-content\/uploads\/2026\/01\/image-11.png\",\"contentUrl\":\"https:\/\/destinationsjc.com.br\/novo\/wp-content\/uploads\/2026\/01\/image-11.png\",\"width\":421,\"height\":477},{\"@type\":\"WebSite\",\"@id\":\"https:\/\/destinationsjc.com.br\/novo\/#website\",\"url\":\"https:\/\/destinationsjc.com.br\/novo\/\",\"name\":\"Destination SJC\",\"description\":\"Site institucional da entidade Destination S\u00e3o Jos\u00e9 dos Campos\",\"publisher\":{\"@id\":\"https:\/\/destinationsjc.com.br\/novo\/#organization\"},\"alternateName\":\"Destination S\u00e3o Jos\u00e9 dos Campos\",\"potentialAction\":[{\"@type\":\"SearchAction\",\"target\":{\"@type\":\"EntryPoint\",\"urlTemplate\":\"https:\/\/destinationsjc.com.br\/novo\/?s={search_term_string}\"},\"query-input\":{\"@type\":\"PropertyValueSpecification\",\"valueRequired\":true,\"valueName\":\"search_term_string\"}}],\"inLanguage\":\"pt-BR\"},{\"@type\":\"Organization\",\"@id\":\"https:\/\/destinationsjc.com.br\/novo\/#organization\",\"name\":\"Destination SJC\",\"alternateName\":\"Destination S\u00e3o Jos\u00e9 dos Campos\",\"url\":\"https:\/\/destinationsjc.com.br\/novo\/\",\"logo\":{\"@type\":\"ImageObject\",\"inLanguage\":\"pt-BR\",\"@id\":\"https:\/\/destinationsjc.com.br\/novo\/#\/schema\/logo\/image\/\",\"url\":\"https:\/\/destinationsjc.com.br\/novo\/wp-content\/uploads\/2021\/12\/logoteste.png\",\"contentUrl\":\"https:\/\/destinationsjc.com.br\/novo\/wp-content\/uploads\/2021\/12\/logoteste.png\",\"width\":532,\"height\":463,\"caption\":\"Destination SJC\"},\"image\":{\"@id\":\"https:\/\/destinationsjc.com.br\/novo\/#\/schema\/logo\/image\/\"},\"sameAs\":[\"https:\/\/www.facebook.com\/destinationsjc\",\"https:\/\/www.instagram.com\/destinationsjc\/\"]}]}<\/script>\n<!-- \/ Yoast SEO plugin. -->","yoast_head_json":{"title":"Publica\u00e7\u00f5es - Destination SJC","description":"Livro: V\u00e1rias Rotas, Um Destino Ao despertar, a cidade vai \u201cfurando\u201d atradicional n\u00e9voa, impondo sem pressaseus edif\u00edcios, dando contorno \u00e0 sua","robots":{"index":"index","follow":"follow","max-snippet":"max-snippet:-1","max-image-preview":"max-image-preview:large","max-video-preview":"max-video-preview:-1"},"canonical":"https:\/\/destinationsjc.com.br\/novo\/publicacoes\/","og_locale":"pt_BR","og_type":"article","og_title":"Publica\u00e7\u00f5es - Destination SJC","og_description":"Livro: V\u00e1rias Rotas, Um Destino Ao despertar, a cidade vai \u201cfurando\u201d atradicional n\u00e9voa, impondo sem pressaseus edif\u00edcios, dando contorno \u00e0 sua","og_url":"https:\/\/destinationsjc.com.br\/novo\/publicacoes\/","og_site_name":"Destination SJC","article_publisher":"https:\/\/www.facebook.com\/destinationsjc","article_modified_time":"2026-01-30T18:52:38+00:00","og_image":[{"url":"https:\/\/destinationsjc.com.br\/novo\/wp-content\/uploads\/2026\/01\/image-11.png","type":"","width":"","height":""}],"twitter_card":"summary_large_image","schema":{"@context":"https:\/\/schema.org","@graph":[{"@type":"WebPage","@id":"https:\/\/destinationsjc.com.br\/novo\/publicacoes\/","url":"https:\/\/destinationsjc.com.br\/novo\/publicacoes\/","name":"Publica\u00e7\u00f5es - Destination SJC","isPartOf":{"@id":"https:\/\/destinationsjc.com.br\/novo\/#website"},"primaryImageOfPage":{"@id":"https:\/\/destinationsjc.com.br\/novo\/publicacoes\/#primaryimage"},"image":{"@id":"https:\/\/destinationsjc.com.br\/novo\/publicacoes\/#primaryimage"},"thumbnailUrl":"https:\/\/destinationsjc.com.br\/novo\/wp-content\/uploads\/2026\/01\/image-11.png","datePublished":"2026-01-30T18:30:05+00:00","dateModified":"2026-01-30T18:52:38+00:00","description":"Livro: V\u00e1rias Rotas, Um Destino Ao despertar, a cidade vai \u201cfurando\u201d atradicional n\u00e9voa, impondo sem pressaseus edif\u00edcios, dando contorno \u00e0 sua","inLanguage":"pt-BR","potentialAction":[{"@type":"ReadAction","target":["https:\/\/destinationsjc.com.br\/novo\/publicacoes\/"]}]},{"@type":"ImageObject","inLanguage":"pt-BR","@id":"https:\/\/destinationsjc.com.br\/novo\/publicacoes\/#primaryimage","url":"https:\/\/destinationsjc.com.br\/novo\/wp-content\/uploads\/2026\/01\/image-11.png","contentUrl":"https:\/\/destinationsjc.com.br\/novo\/wp-content\/uploads\/2026\/01\/image-11.png","width":421,"height":477},{"@type":"WebSite","@id":"https:\/\/destinationsjc.com.br\/novo\/#website","url":"https:\/\/destinationsjc.com.br\/novo\/","name":"Destination SJC","description":"Site institucional da entidade Destination S\u00e3o Jos\u00e9 dos Campos","publisher":{"@id":"https:\/\/destinationsjc.com.br\/novo\/#organization"},"alternateName":"Destination S\u00e3o Jos\u00e9 dos Campos","potentialAction":[{"@type":"SearchAction","target":{"@type":"EntryPoint","urlTemplate":"https:\/\/destinationsjc.com.br\/novo\/?s={search_term_string}"},"query-input":{"@type":"PropertyValueSpecification","valueRequired":true,"valueName":"search_term_string"}}],"inLanguage":"pt-BR"},{"@type":"Organization","@id":"https:\/\/destinationsjc.com.br\/novo\/#organization","name":"Destination SJC","alternateName":"Destination S\u00e3o Jos\u00e9 dos Campos","url":"https:\/\/destinationsjc.com.br\/novo\/","logo":{"@type":"ImageObject","inLanguage":"pt-BR","@id":"https:\/\/destinationsjc.com.br\/novo\/#\/schema\/logo\/image\/","url":"https:\/\/destinationsjc.com.br\/novo\/wp-content\/uploads\/2021\/12\/logoteste.png","contentUrl":"https:\/\/destinationsjc.com.br\/novo\/wp-content\/uploads\/2021\/12\/logoteste.png","width":532,"height":463,"caption":"Destination SJC"},"image":{"@id":"https:\/\/destinationsjc.com.br\/novo\/#\/schema\/logo\/image\/"},"sameAs":["https:\/\/www.facebook.com\/destinationsjc","https:\/\/www.instagram.com\/destinationsjc\/"]}]}},"_links":{"self":[{"href":"https:\/\/destinationsjc.com.br\/novo\/wp-json\/wp\/v2\/pages\/1318","targetHints":{"allow":["GET"]}}],"collection":[{"href":"https:\/\/destinationsjc.com.br\/novo\/wp-json\/wp\/v2\/pages"}],"about":[{"href":"https:\/\/destinationsjc.com.br\/novo\/wp-json\/wp\/v2\/types\/page"}],"author":[{"embeddable":true,"href":"https:\/\/destinationsjc.com.br\/novo\/wp-json\/wp\/v2\/users\/1"}],"replies":[{"embeddable":true,"href":"https:\/\/destinationsjc.com.br\/novo\/wp-json\/wp\/v2\/comments?post=1318"}],"version-history":[{"count":10,"href":"https:\/\/destinationsjc.com.br\/novo\/wp-json\/wp\/v2\/pages\/1318\/revisions"}],"predecessor-version":[{"id":1333,"href":"https:\/\/destinationsjc.com.br\/novo\/wp-json\/wp\/v2\/pages\/1318\/revisions\/1333"}],"wp:attachment":[{"href":"https:\/\/destinationsjc.com.br\/novo\/wp-json\/wp\/v2\/media?parent=1318"}],"curies":[{"name":"wp","href":"https:\/\/api.w.org\/{rel}","templated":true}]}}