{"id":1299,"date":"2026-01-16T13:33:43","date_gmt":"2026-01-16T16:33:43","guid":{"rendered":"https:\/\/destinationsjc.com.br\/novo\/?page_id=1299"},"modified":"2026-01-16T13:33:44","modified_gmt":"2026-01-16T16:33:44","slug":"distrito-de-sao-francisco-xavier","status":"publish","type":"page","link":"https:\/\/destinationsjc.com.br\/novo\/distrito-de-sao-francisco-xavier\/","title":{"rendered":"Distrito de S\u00e3o Francisco Xavier"},"content":{"rendered":"\n<p>Rota de passagem e pouso de tropeiros que vinham de Minas Gerais para comercializar seus produtos em S\u00e3o Jos\u00e9 dos Campos no passado, S\u00e3o Francisco Xavier est\u00e1 situado ao norte do munic\u00edpio, a 54 km da cidade, com 322 km\u00b2 de \u00e1rea e uma paisagem privilegiada, com fortes decl\u00ednios e grandes altitudes, cujo ponto mais alto \u00e9 o Pico do Selado, a 2.082 metros.<\/p>\n\n\n\n<p>O distrito \u00e9 considerado APA (\u00c1rea de Prote\u00e7\u00e3o Ambiental) desde 2002 e possui v\u00e1rias trilhas para caminhadas, mountain bike, pr\u00e1tica de montanhismo, ecoturismo e turismo de aventura. Tamb\u00e9m conta com uma rota de voo livre e pontos com altitudes apropriadas para praticar outras atividades esportivas, como o parapente.<\/p>\n\n\n\n<div class=\"wp-block-columns is-layout-flex wp-container-core-columns-is-layout-9d6595d7 wp-block-columns-is-layout-flex\">\n<div class=\"wp-block-column is-layout-flow wp-block-column-is-layout-flow\">\n<figure class=\"wp-block-image alignwide size-large\"><img loading=\"lazy\" decoding=\"async\" width=\"1024\" height=\"674\" src=\"https:\/\/destinationsjc.com.br\/novo\/wp-content\/uploads\/2026\/01\/image-9-e1768581203228-1024x674.png\" alt=\"\" class=\"wp-image-1303\" srcset=\"https:\/\/destinationsjc.com.br\/novo\/wp-content\/uploads\/2026\/01\/image-9-e1768581203228-1024x674.png 1024w, https:\/\/destinationsjc.com.br\/novo\/wp-content\/uploads\/2026\/01\/image-9-e1768581203228-300x198.png 300w, https:\/\/destinationsjc.com.br\/novo\/wp-content\/uploads\/2026\/01\/image-9-e1768581203228-768x506.png 768w, https:\/\/destinationsjc.com.br\/novo\/wp-content\/uploads\/2026\/01\/image-9-e1768581203228.png 1370w\" sizes=\"auto, (max-width: 1024px) 100vw, 1024px\" \/><\/figure>\n<\/div>\n\n\n\n<div class=\"wp-block-column is-layout-flow wp-block-column-is-layout-flow\">\n<figure class=\"wp-block-image alignwide size-large\"><img loading=\"lazy\" decoding=\"async\" width=\"1024\" height=\"667\" src=\"https:\/\/destinationsjc.com.br\/novo\/wp-content\/uploads\/2026\/01\/image-7-e1768581177680-1024x667.png\" alt=\"\" class=\"wp-image-1301\" srcset=\"https:\/\/destinationsjc.com.br\/novo\/wp-content\/uploads\/2026\/01\/image-7-e1768581177680-1024x667.png 1024w, https:\/\/destinationsjc.com.br\/novo\/wp-content\/uploads\/2026\/01\/image-7-e1768581177680-300x195.png 300w, https:\/\/destinationsjc.com.br\/novo\/wp-content\/uploads\/2026\/01\/image-7-e1768581177680-768x500.png 768w, https:\/\/destinationsjc.com.br\/novo\/wp-content\/uploads\/2026\/01\/image-7-e1768581177680.png 1378w\" sizes=\"auto, (max-width: 1024px) 100vw, 1024px\" \/><\/figure>\n<\/div>\n<\/div>\n\n\n\n<p>S\u00e3o Chico, como \u00e9 carinhosamente conhecido, mant\u00e9m tradi\u00e7\u00f5es como as festas religiosas, Festa do Tropeiro, Festa da Carpi\u00e7\u00e3o e Festa de S\u00e3o Gon\u00e7alo, al\u00e9m do artesanato em tecido e madeira, e produtos org\u00e2nicos, como verduras, frutas, legumes, geleias e doces caseiros.<\/p>\n\n\n\n<p>A gastronomia tem o tempero t\u00edpico da ro\u00e7a, com pratos como os feitos \u00e0 base de pinh\u00e3o, o bolinho caipira e a broa, chamada de Jo\u00e3o Deitado, que leva pinh\u00e3o na massa e \u00e9 assada na folha de bananeira. O distrito conta com restaurantes charmosos, pousadas e hot\u00e9is.<\/p>\n\n\n\n<p>A paisagem de S\u00e3o Chico \u00e9 um dos seus grandes trunfos: picos, cumes, serras, pedras e quedas d&#8217;\u00e1gua que s\u00e3o atrativos tur\u00edsticos. Confira os principais:<\/p>\n\n\n\n<p><strong>Picos e cumes<\/strong><\/p>\n\n\n\n<p>Pico do Selado \u2013 altitude \u2013 2.082 metros. Localizado na divisa com Camanducaia (MG) e Joan\u00f3polis (SP). Local para pr\u00e1tica de alpinismo, eventual queda de neve no inverno (com temperatura de 5 a 12 graus negativos), vista panor\u00e2mica de Monte Verde (MG), S\u00e3o Jos\u00e9 dos Campos e outras cidade da regi\u00e3o.<\/p>\n\n\n\n<p>Pico do Focinho D\u2019Anta &#8211; Altitude \u2013 1.712 metros.&nbsp; Localizado na Serra do Queixo D\u2019Anta, na divisa com Sapuca\u00ed Mirim (MG). Vista panor\u00e2mica de S\u00e3o Francisco Xavier, S\u00e3o Jos\u00e9 dos Campos e outras cidades do Vale do Para\u00edba.<\/p>\n\n\n\n<p><strong>Serras<\/strong><\/p>\n\n\n\n<p>Serra do Queixo D\u2019Anta &#8211; S\u00e3o Francisco Xavier- Altitude: 1.740 metros. Localizada na divisa com Sapuca\u00ed Mirim (MG). Vista panor\u00e2mica de cidade do Vale do Para\u00edba.<\/p>\n\n\n\n<p>Serra de Santa B\u00e1rbara &#8211; S\u00e3o Francisco Xavier &#8211; Altitude: 1.578 metros. Localizada na divisa com Sapuca\u00ed Mirim (MG). Belas paisagens e corredeiras de \u00e1gua cristalina.<\/p>\n\n\n\n<p><strong>Pedras<\/strong><\/p>\n\n\n\n<p>Pedra Redonda &#8211; 1.925 metros de altitude.<\/p>\n\n\n\n<p>Pedra Chap\u00e9u do Bispo &#8211; 1.913 metros de altitude.<\/p>\n\n\n\n<p>Pedra do Capim Azul &#8211; 1.400 metros de altitude \u2013 Serra do Queixo D\u2019Anta (obs: propriedade particular).<\/p>\n\n\n\n<p>Pedra Pouso do Rochedo -1.300 metros de altitude \u2013 Serra de Santa B\u00e1rbara (obs: propriedade particular)<\/p>\n\n\n\n<p><strong>Quedas D&#8217;\u00e1gua<\/strong><\/p>\n\n\n\n<p>Cachoeira Pedro Davi &#8211; Com 15 metros de altura em v\u00e1rias quedas, tem estrutura com vesti\u00e1rios, banheiros, \u00e1rea para alimenta\u00e7\u00e3o e playground.<\/p>\n\n\n\n<p>Roncador &#8211; Ribeir\u00e3o Roncador, na conflu\u00eancia com o Rio do Peixe.<\/p>\n\n\n\n<p>Cachoeira das Couves &#8211; 15 metros de altura. A 2 km do centro de S\u00e3o Francisco Xavier (visita\u00e7\u00e3o somente com permiss\u00e3o e acompanhamento de guia).<\/p>\n\n\n\n<p>Cachoeira do Sab\u00e3o &#8211; 25 metros de altura em tr\u00eas quedas &#8211; C\u00f3rrego do Sab\u00e3o, conflu\u00eancia com o Rio do Peixe. 30 km &#8211; SP 50 (8 km), Estrada Municipal do Costinha, via Reserva Ecol\u00f3gica Augusto Rusch.<\/p>\n","protected":false},"excerpt":{"rendered":"<p>Rota de passagem e pouso de tropeiros que vinham de Minas Gerais para comercializar seus produtos em S\u00e3o Jos\u00e9 dos &#8230;<\/p>\n","protected":false},"author":1,"featured_media":0,"parent":0,"menu_order":0,"comment_status":"closed","ping_status":"closed","template":"","meta":{"_acf_changed":false,"footnotes":""},"class_list":["post-1299","page","type-page","status-publish","hentry"],"acf":[],"yoast_head":"<!-- This site is optimized with the Yoast SEO plugin v27.0 - https:\/\/yoast.com\/product\/yoast-seo-wordpress\/ -->\n<title>Distrito de S\u00e3o Francisco Xavier - Destination SJC<\/title>\n<meta name=\"description\" content=\"Rota de passagem e pouso de tropeiros que vinham de Minas Gerais para comercializar seus produtos em S\u00e3o Jos\u00e9 dos Campos no passado, S\u00e3o Francisco Xavier\" \/>\n<meta name=\"robots\" content=\"index, follow, max-snippet:-1, max-image-preview:large, max-video-preview:-1\" \/>\n<link rel=\"canonical\" href=\"https:\/\/destinationsjc.com.br\/novo\/distrito-de-sao-francisco-xavier\/\" \/>\n<meta property=\"og:locale\" content=\"pt_BR\" \/>\n<meta property=\"og:type\" content=\"article\" \/>\n<meta property=\"og:title\" content=\"Distrito de S\u00e3o Francisco Xavier - Destination SJC\" \/>\n<meta property=\"og:description\" content=\"Rota de passagem e pouso de tropeiros que vinham de Minas Gerais para comercializar seus produtos em S\u00e3o Jos\u00e9 dos Campos no passado, S\u00e3o Francisco Xavier\" \/>\n<meta property=\"og:url\" content=\"https:\/\/destinationsjc.com.br\/novo\/distrito-de-sao-francisco-xavier\/\" \/>\n<meta property=\"og:site_name\" content=\"Destination SJC\" \/>\n<meta property=\"article:publisher\" content=\"https:\/\/www.facebook.com\/destinationsjc\" \/>\n<meta property=\"article:modified_time\" content=\"2026-01-16T16:33:44+00:00\" \/>\n<meta property=\"og:image\" content=\"https:\/\/destinationsjc.com.br\/novo\/wp-content\/uploads\/2026\/01\/image-9-e1768581203228-1024x674.png\" \/>\n<meta name=\"twitter:card\" content=\"summary_large_image\" \/>\n<meta name=\"twitter:label1\" content=\"Est. tempo de leitura\" \/>\n\t<meta name=\"twitter:data1\" content=\"3 minutos\" \/>\n<script type=\"application\/ld+json\" class=\"yoast-schema-graph\">{\"@context\":\"https:\/\/schema.org\",\"@graph\":[{\"@type\":\"WebPage\",\"@id\":\"https:\/\/destinationsjc.com.br\/novo\/distrito-de-sao-francisco-xavier\/\",\"url\":\"https:\/\/destinationsjc.com.br\/novo\/distrito-de-sao-francisco-xavier\/\",\"name\":\"Distrito de S\u00e3o Francisco Xavier - Destination SJC\",\"isPartOf\":{\"@id\":\"https:\/\/destinationsjc.com.br\/novo\/#website\"},\"primaryImageOfPage\":{\"@id\":\"https:\/\/destinationsjc.com.br\/novo\/distrito-de-sao-francisco-xavier\/#primaryimage\"},\"image\":{\"@id\":\"https:\/\/destinationsjc.com.br\/novo\/distrito-de-sao-francisco-xavier\/#primaryimage\"},\"thumbnailUrl\":\"https:\/\/destinationsjc.com.br\/novo\/wp-content\/uploads\/2026\/01\/image-9-e1768581203228-1024x674.png\",\"datePublished\":\"2026-01-16T16:33:43+00:00\",\"dateModified\":\"2026-01-16T16:33:44+00:00\",\"description\":\"Rota de passagem e pouso de tropeiros que vinham de Minas Gerais para comercializar seus produtos em S\u00e3o Jos\u00e9 dos Campos no passado, S\u00e3o Francisco Xavier\",\"inLanguage\":\"pt-BR\",\"potentialAction\":[{\"@type\":\"ReadAction\",\"target\":[\"https:\/\/destinationsjc.com.br\/novo\/distrito-de-sao-francisco-xavier\/\"]}]},{\"@type\":\"ImageObject\",\"inLanguage\":\"pt-BR\",\"@id\":\"https:\/\/destinationsjc.com.br\/novo\/distrito-de-sao-francisco-xavier\/#primaryimage\",\"url\":\"https:\/\/destinationsjc.com.br\/novo\/wp-content\/uploads\/2026\/01\/image-9-e1768581203228.png\",\"contentUrl\":\"https:\/\/destinationsjc.com.br\/novo\/wp-content\/uploads\/2026\/01\/image-9-e1768581203228.png\",\"width\":1370,\"height\":902},{\"@type\":\"WebSite\",\"@id\":\"https:\/\/destinationsjc.com.br\/novo\/#website\",\"url\":\"https:\/\/destinationsjc.com.br\/novo\/\",\"name\":\"Destination SJC\",\"description\":\"Site institucional da entidade Destination S\u00e3o Jos\u00e9 dos Campos\",\"publisher\":{\"@id\":\"https:\/\/destinationsjc.com.br\/novo\/#organization\"},\"alternateName\":\"Destination S\u00e3o Jos\u00e9 dos Campos\",\"potentialAction\":[{\"@type\":\"SearchAction\",\"target\":{\"@type\":\"EntryPoint\",\"urlTemplate\":\"https:\/\/destinationsjc.com.br\/novo\/?s={search_term_string}\"},\"query-input\":{\"@type\":\"PropertyValueSpecification\",\"valueRequired\":true,\"valueName\":\"search_term_string\"}}],\"inLanguage\":\"pt-BR\"},{\"@type\":\"Organization\",\"@id\":\"https:\/\/destinationsjc.com.br\/novo\/#organization\",\"name\":\"Destination SJC\",\"alternateName\":\"Destination S\u00e3o Jos\u00e9 dos Campos\",\"url\":\"https:\/\/destinationsjc.com.br\/novo\/\",\"logo\":{\"@type\":\"ImageObject\",\"inLanguage\":\"pt-BR\",\"@id\":\"https:\/\/destinationsjc.com.br\/novo\/#\/schema\/logo\/image\/\",\"url\":\"https:\/\/destinationsjc.com.br\/novo\/wp-content\/uploads\/2021\/12\/logoteste.png\",\"contentUrl\":\"https:\/\/destinationsjc.com.br\/novo\/wp-content\/uploads\/2021\/12\/logoteste.png\",\"width\":532,\"height\":463,\"caption\":\"Destination SJC\"},\"image\":{\"@id\":\"https:\/\/destinationsjc.com.br\/novo\/#\/schema\/logo\/image\/\"},\"sameAs\":[\"https:\/\/www.facebook.com\/destinationsjc\",\"https:\/\/www.instagram.com\/destinationsjc\/\"]}]}<\/script>\n<!-- \/ Yoast SEO plugin. -->","yoast_head_json":{"title":"Distrito de S\u00e3o Francisco Xavier - Destination SJC","description":"Rota de passagem e pouso de tropeiros que vinham de Minas Gerais para comercializar seus produtos em S\u00e3o Jos\u00e9 dos Campos no passado, S\u00e3o Francisco Xavier","robots":{"index":"index","follow":"follow","max-snippet":"max-snippet:-1","max-image-preview":"max-image-preview:large","max-video-preview":"max-video-preview:-1"},"canonical":"https:\/\/destinationsjc.com.br\/novo\/distrito-de-sao-francisco-xavier\/","og_locale":"pt_BR","og_type":"article","og_title":"Distrito de S\u00e3o Francisco Xavier - Destination SJC","og_description":"Rota de passagem e pouso de tropeiros que vinham de Minas Gerais para comercializar seus produtos em S\u00e3o Jos\u00e9 dos Campos no passado, S\u00e3o Francisco Xavier","og_url":"https:\/\/destinationsjc.com.br\/novo\/distrito-de-sao-francisco-xavier\/","og_site_name":"Destination SJC","article_publisher":"https:\/\/www.facebook.com\/destinationsjc","article_modified_time":"2026-01-16T16:33:44+00:00","og_image":[{"url":"https:\/\/destinationsjc.com.br\/novo\/wp-content\/uploads\/2026\/01\/image-9-e1768581203228-1024x674.png","type":"","width":"","height":""}],"twitter_card":"summary_large_image","twitter_misc":{"Est. tempo de leitura":"3 minutos"},"schema":{"@context":"https:\/\/schema.org","@graph":[{"@type":"WebPage","@id":"https:\/\/destinationsjc.com.br\/novo\/distrito-de-sao-francisco-xavier\/","url":"https:\/\/destinationsjc.com.br\/novo\/distrito-de-sao-francisco-xavier\/","name":"Distrito de S\u00e3o Francisco Xavier - Destination SJC","isPartOf":{"@id":"https:\/\/destinationsjc.com.br\/novo\/#website"},"primaryImageOfPage":{"@id":"https:\/\/destinationsjc.com.br\/novo\/distrito-de-sao-francisco-xavier\/#primaryimage"},"image":{"@id":"https:\/\/destinationsjc.com.br\/novo\/distrito-de-sao-francisco-xavier\/#primaryimage"},"thumbnailUrl":"https:\/\/destinationsjc.com.br\/novo\/wp-content\/uploads\/2026\/01\/image-9-e1768581203228-1024x674.png","datePublished":"2026-01-16T16:33:43+00:00","dateModified":"2026-01-16T16:33:44+00:00","description":"Rota de passagem e pouso de tropeiros que vinham de Minas Gerais para comercializar seus produtos em S\u00e3o Jos\u00e9 dos Campos no passado, S\u00e3o Francisco Xavier","inLanguage":"pt-BR","potentialAction":[{"@type":"ReadAction","target":["https:\/\/destinationsjc.com.br\/novo\/distrito-de-sao-francisco-xavier\/"]}]},{"@type":"ImageObject","inLanguage":"pt-BR","@id":"https:\/\/destinationsjc.com.br\/novo\/distrito-de-sao-francisco-xavier\/#primaryimage","url":"https:\/\/destinationsjc.com.br\/novo\/wp-content\/uploads\/2026\/01\/image-9-e1768581203228.png","contentUrl":"https:\/\/destinationsjc.com.br\/novo\/wp-content\/uploads\/2026\/01\/image-9-e1768581203228.png","width":1370,"height":902},{"@type":"WebSite","@id":"https:\/\/destinationsjc.com.br\/novo\/#website","url":"https:\/\/destinationsjc.com.br\/novo\/","name":"Destination SJC","description":"Site institucional da entidade Destination S\u00e3o Jos\u00e9 dos Campos","publisher":{"@id":"https:\/\/destinationsjc.com.br\/novo\/#organization"},"alternateName":"Destination S\u00e3o Jos\u00e9 dos Campos","potentialAction":[{"@type":"SearchAction","target":{"@type":"EntryPoint","urlTemplate":"https:\/\/destinationsjc.com.br\/novo\/?s={search_term_string}"},"query-input":{"@type":"PropertyValueSpecification","valueRequired":true,"valueName":"search_term_string"}}],"inLanguage":"pt-BR"},{"@type":"Organization","@id":"https:\/\/destinationsjc.com.br\/novo\/#organization","name":"Destination SJC","alternateName":"Destination S\u00e3o Jos\u00e9 dos Campos","url":"https:\/\/destinationsjc.com.br\/novo\/","logo":{"@type":"ImageObject","inLanguage":"pt-BR","@id":"https:\/\/destinationsjc.com.br\/novo\/#\/schema\/logo\/image\/","url":"https:\/\/destinationsjc.com.br\/novo\/wp-content\/uploads\/2021\/12\/logoteste.png","contentUrl":"https:\/\/destinationsjc.com.br\/novo\/wp-content\/uploads\/2021\/12\/logoteste.png","width":532,"height":463,"caption":"Destination SJC"},"image":{"@id":"https:\/\/destinationsjc.com.br\/novo\/#\/schema\/logo\/image\/"},"sameAs":["https:\/\/www.facebook.com\/destinationsjc","https:\/\/www.instagram.com\/destinationsjc\/"]}]}},"_links":{"self":[{"href":"https:\/\/destinationsjc.com.br\/novo\/wp-json\/wp\/v2\/pages\/1299","targetHints":{"allow":["GET"]}}],"collection":[{"href":"https:\/\/destinationsjc.com.br\/novo\/wp-json\/wp\/v2\/pages"}],"about":[{"href":"https:\/\/destinationsjc.com.br\/novo\/wp-json\/wp\/v2\/types\/page"}],"author":[{"embeddable":true,"href":"https:\/\/destinationsjc.com.br\/novo\/wp-json\/wp\/v2\/users\/1"}],"replies":[{"embeddable":true,"href":"https:\/\/destinationsjc.com.br\/novo\/wp-json\/wp\/v2\/comments?post=1299"}],"version-history":[{"count":1,"href":"https:\/\/destinationsjc.com.br\/novo\/wp-json\/wp\/v2\/pages\/1299\/revisions"}],"predecessor-version":[{"id":1304,"href":"https:\/\/destinationsjc.com.br\/novo\/wp-json\/wp\/v2\/pages\/1299\/revisions\/1304"}],"wp:attachment":[{"href":"https:\/\/destinationsjc.com.br\/novo\/wp-json\/wp\/v2\/media?parent=1299"}],"curies":[{"name":"wp","href":"https:\/\/api.w.org\/{rel}","templated":true}]}}