{"id":1169,"date":"2023-10-27T16:29:50","date_gmt":"2023-10-27T19:29:50","guid":{"rendered":"https:\/\/destinationsjc.com.br\/?page_id=1169"},"modified":"2026-01-23T11:15:59","modified_gmt":"2026-01-23T14:15:59","slug":"informacoes-uteis","status":"publish","type":"page","link":"https:\/\/destinationsjc.com.br\/novo\/informacoes-uteis\/","title":{"rendered":"Informa\u00e7\u00f5es \u00fateis"},"content":{"rendered":"\n<p><strong>Departamento de Turismo de S\u00e3o Jos\u00e9 dos Campos&nbsp;<\/strong><br>Pra\u00e7a Afonso Pena, 59 &#8211; Centro<br>Tel. (12) 3941-8670<br>Atendimento: segunda a sexta-feira, das 8h \u00e0s 17h<\/p>\n\n\n\n<p><strong>CIT (Centro de Informa\u00e7\u00f5es Tur\u00edsticas) &#8211; S\u00e3o Francisco Xavier<\/strong><br>Rua 15 de Novembro, 900 \u2013 Centro &#8211; S\u00e3o Francisco Xavier<br>Tel. (12) 3926-1790<br>Atendimento: segunda a sexta-feira, das 8h \u00e0s 17h<\/p>\n\n\n\n<p><strong>Aeroporto Internacional de S\u00e3o Jos\u00e9 dos Campos Professor Urbano Ernesto Stumpf<\/strong><br>R. Dra. T\u00e2nia Lis Tizzoni Nogueira, S\/N &#8211; Parque Martin Cerere<br>(12) 3946-3000<\/p>\n\n\n\n<p><strong>Terminal Rodovi\u00e1rio Frederico Ozanan (Rodovi\u00e1ria Nova)<\/strong><br>R. Itoror\u00f3, 221 &#8211; Vila Piratininga, S\u00e3o Jos\u00e9 dos Campos<br>(12) 3921-9122<\/p>\n\n\n\n<p><strong>Terminal Central (Rodovi\u00e1ria Velha)<\/strong><br>R. Claudino Pinto \u2013 Centro<\/p>\n\n\n\n<p><strong>City Tour<\/strong><br>Inscri\u00e7\u00e3o pr\u00e9via pela Central 156 ou pelo e-mail <a href=\"mailto:turismo@sjc.sp.gov.br\">turismo@sjc.sp.gov.br<\/a><\/p>\n\n\n\n<p><strong>Coopertaxi<\/strong><br>(12) 3904-2500<br>(12) 3904-2500<br>atendimento@coopertaxisjc.com.br<\/p>\n\n\n\n<p><strong>Centros de compras<\/strong><br>&#8211; Cal\u00e7ad\u00e3o<br>Rua 7 de Setembro &#8211; Centro<\/p>\n\n\n\n<p>&#8211; Center Vale Shopping<br>Av. Benedito Matarazzo, 227, Jardim Augusta<br>(12) 3924-3026<\/p>\n\n\n\n<p>&#8211; Vale Sul Shopping<br>Avenida Andr\u00f4meda, 227 &#8211; Jardim Sat\u00e9lite<br>(12) 3321-0900<\/p>\n\n\n\n<p>&#8211; Colinas Shopping<br>Av. S\u00e3o Jo\u00e3o, 2200 \u2013 Jardim das Colinas<br>(12) 3924-4200<\/p>\n\n\n\n<p>&#8211; Shopping Centro<br>Av. Rubi\u00e3o J\u00fanior, 8 \u2013 Centro<br>(12) 3922-4541<\/p>\n\n\n\n<p>&#8211; Shopping Jardim Oriente<br>R. Andorra, 500 &#8211; Jardim Am\u00e9rica<br>(12) 3570-1212<\/p>\n\n\n\n<p>&#8211; Shopping Esplanada<br>Av. S\u00e3o Jo\u00e3o, 644, Jardim Esplanada<br>(12) 3941-6301<\/p>\n\n\n\n<p><strong>Feiras de artesanato<\/strong><\/p>\n\n\n\n<p>&#8211; Pra\u00e7a Afonso Pena, Centro (s\u00e1bado)<br>Funcionamento: 9h \u00e0s 14h<\/p>\n\n\n\n<p>&#8211; Pra\u00e7a Ulisses Guimar\u00e3es, Jardim Aquarius (domingo)<br>Funcionamento: 9h \u00e0s 14h<\/p>\n\n\n\n<p>&#8211; Parque Vicentina Aranha (domingo)<br>Funcionamento:&nbsp; 9h \u00e0s 13h<\/p>\n","protected":false},"excerpt":{"rendered":"<p>Departamento de Turismo de S\u00e3o Jos\u00e9 dos Campos&nbsp;Pra\u00e7a Afonso Pena, 59 &#8211; CentroTel. (12) 3941-8670Atendimento: segunda a sexta-feira, das 8h &#8230;<\/p>\n","protected":false},"author":1,"featured_media":0,"parent":0,"menu_order":0,"comment_status":"closed","ping_status":"closed","template":"","meta":{"_acf_changed":false,"footnotes":""},"class_list":["post-1169","page","type-page","status-publish","hentry"],"acf":[],"yoast_head":"<!-- This site is optimized with the Yoast SEO plugin v27.0 - https:\/\/yoast.com\/product\/yoast-seo-wordpress\/ -->\n<title>Informa\u00e7\u00f5es \u00fateis - Destination SJC<\/title>\n<meta name=\"description\" content=\"Departamento de Turismo de S\u00e3o Jos\u00e9 dos Campos&nbsp;Pra\u00e7a Afonso Pena, 59 - CentroTel. (12) 3941-8670Atendimento: segunda a sexta-feira, das 8h \u00e0s 17h CIT\" \/>\n<meta name=\"robots\" content=\"index, follow, max-snippet:-1, max-image-preview:large, max-video-preview:-1\" \/>\n<link rel=\"canonical\" href=\"https:\/\/destinationsjc.com.br\/novo\/informacoes-uteis\/\" \/>\n<meta property=\"og:locale\" content=\"pt_BR\" \/>\n<meta property=\"og:type\" content=\"article\" \/>\n<meta property=\"og:title\" content=\"Informa\u00e7\u00f5es \u00fateis - Destination SJC\" \/>\n<meta property=\"og:description\" content=\"Departamento de Turismo de S\u00e3o Jos\u00e9 dos Campos&nbsp;Pra\u00e7a Afonso Pena, 59 - CentroTel. (12) 3941-8670Atendimento: segunda a sexta-feira, das 8h \u00e0s 17h CIT\" \/>\n<meta property=\"og:url\" content=\"https:\/\/destinationsjc.com.br\/novo\/informacoes-uteis\/\" \/>\n<meta property=\"og:site_name\" content=\"Destination SJC\" \/>\n<meta property=\"article:publisher\" content=\"https:\/\/www.facebook.com\/destinationsjc\" \/>\n<meta property=\"article:modified_time\" content=\"2026-01-23T14:15:59+00:00\" \/>\n<meta property=\"og:image\" content=\"https:\/\/destinationsjc.com.br\/novo\/wp-content\/uploads\/2021\/12\/logoteste.png\" \/>\n\t<meta property=\"og:image:width\" content=\"532\" \/>\n\t<meta property=\"og:image:height\" content=\"463\" \/>\n\t<meta property=\"og:image:type\" content=\"image\/png\" \/>\n<meta name=\"twitter:card\" content=\"summary_large_image\" \/>\n<meta name=\"twitter:label1\" content=\"Est. tempo de leitura\" \/>\n\t<meta name=\"twitter:data1\" content=\"1 minuto\" \/>\n<script type=\"application\/ld+json\" class=\"yoast-schema-graph\">{\"@context\":\"https:\/\/schema.org\",\"@graph\":[{\"@type\":\"WebPage\",\"@id\":\"https:\/\/destinationsjc.com.br\/novo\/informacoes-uteis\/\",\"url\":\"https:\/\/destinationsjc.com.br\/novo\/informacoes-uteis\/\",\"name\":\"Informa\u00e7\u00f5es \u00fateis - Destination SJC\",\"isPartOf\":{\"@id\":\"https:\/\/destinationsjc.com.br\/novo\/#website\"},\"datePublished\":\"2023-10-27T19:29:50+00:00\",\"dateModified\":\"2026-01-23T14:15:59+00:00\",\"description\":\"Departamento de Turismo de S\u00e3o Jos\u00e9 dos Campos&nbsp;Pra\u00e7a Afonso Pena, 59 - CentroTel. (12) 3941-8670Atendimento: segunda a sexta-feira, das 8h \u00e0s 17h CIT\",\"inLanguage\":\"pt-BR\",\"potentialAction\":[{\"@type\":\"ReadAction\",\"target\":[\"https:\/\/destinationsjc.com.br\/novo\/informacoes-uteis\/\"]}]},{\"@type\":\"WebSite\",\"@id\":\"https:\/\/destinationsjc.com.br\/novo\/#website\",\"url\":\"https:\/\/destinationsjc.com.br\/novo\/\",\"name\":\"Destination SJC\",\"description\":\"Site institucional da entidade Destination S\u00e3o Jos\u00e9 dos Campos\",\"publisher\":{\"@id\":\"https:\/\/destinationsjc.com.br\/novo\/#organization\"},\"alternateName\":\"Destination S\u00e3o Jos\u00e9 dos Campos\",\"potentialAction\":[{\"@type\":\"SearchAction\",\"target\":{\"@type\":\"EntryPoint\",\"urlTemplate\":\"https:\/\/destinationsjc.com.br\/novo\/?s={search_term_string}\"},\"query-input\":{\"@type\":\"PropertyValueSpecification\",\"valueRequired\":true,\"valueName\":\"search_term_string\"}}],\"inLanguage\":\"pt-BR\"},{\"@type\":\"Organization\",\"@id\":\"https:\/\/destinationsjc.com.br\/novo\/#organization\",\"name\":\"Destination SJC\",\"alternateName\":\"Destination S\u00e3o Jos\u00e9 dos Campos\",\"url\":\"https:\/\/destinationsjc.com.br\/novo\/\",\"logo\":{\"@type\":\"ImageObject\",\"inLanguage\":\"pt-BR\",\"@id\":\"https:\/\/destinationsjc.com.br\/novo\/#\/schema\/logo\/image\/\",\"url\":\"https:\/\/destinationsjc.com.br\/novo\/wp-content\/uploads\/2021\/12\/logoteste.png\",\"contentUrl\":\"https:\/\/destinationsjc.com.br\/novo\/wp-content\/uploads\/2021\/12\/logoteste.png\",\"width\":532,\"height\":463,\"caption\":\"Destination SJC\"},\"image\":{\"@id\":\"https:\/\/destinationsjc.com.br\/novo\/#\/schema\/logo\/image\/\"},\"sameAs\":[\"https:\/\/www.facebook.com\/destinationsjc\",\"https:\/\/www.instagram.com\/destinationsjc\/\"]}]}<\/script>\n<!-- \/ Yoast SEO plugin. -->","yoast_head_json":{"title":"Informa\u00e7\u00f5es \u00fateis - Destination SJC","description":"Departamento de Turismo de S\u00e3o Jos\u00e9 dos Campos&nbsp;Pra\u00e7a Afonso Pena, 59 - CentroTel. (12) 3941-8670Atendimento: segunda a sexta-feira, das 8h \u00e0s 17h CIT","robots":{"index":"index","follow":"follow","max-snippet":"max-snippet:-1","max-image-preview":"max-image-preview:large","max-video-preview":"max-video-preview:-1"},"canonical":"https:\/\/destinationsjc.com.br\/novo\/informacoes-uteis\/","og_locale":"pt_BR","og_type":"article","og_title":"Informa\u00e7\u00f5es \u00fateis - Destination SJC","og_description":"Departamento de Turismo de S\u00e3o Jos\u00e9 dos Campos&nbsp;Pra\u00e7a Afonso Pena, 59 - CentroTel. (12) 3941-8670Atendimento: segunda a sexta-feira, das 8h \u00e0s 17h CIT","og_url":"https:\/\/destinationsjc.com.br\/novo\/informacoes-uteis\/","og_site_name":"Destination SJC","article_publisher":"https:\/\/www.facebook.com\/destinationsjc","article_modified_time":"2026-01-23T14:15:59+00:00","og_image":[{"width":532,"height":463,"url":"https:\/\/destinationsjc.com.br\/novo\/wp-content\/uploads\/2021\/12\/logoteste.png","type":"image\/png"}],"twitter_card":"summary_large_image","twitter_misc":{"Est. tempo de leitura":"1 minuto"},"schema":{"@context":"https:\/\/schema.org","@graph":[{"@type":"WebPage","@id":"https:\/\/destinationsjc.com.br\/novo\/informacoes-uteis\/","url":"https:\/\/destinationsjc.com.br\/novo\/informacoes-uteis\/","name":"Informa\u00e7\u00f5es \u00fateis - Destination SJC","isPartOf":{"@id":"https:\/\/destinationsjc.com.br\/novo\/#website"},"datePublished":"2023-10-27T19:29:50+00:00","dateModified":"2026-01-23T14:15:59+00:00","description":"Departamento de Turismo de S\u00e3o Jos\u00e9 dos Campos&nbsp;Pra\u00e7a Afonso Pena, 59 - CentroTel. (12) 3941-8670Atendimento: segunda a sexta-feira, das 8h \u00e0s 17h CIT","inLanguage":"pt-BR","potentialAction":[{"@type":"ReadAction","target":["https:\/\/destinationsjc.com.br\/novo\/informacoes-uteis\/"]}]},{"@type":"WebSite","@id":"https:\/\/destinationsjc.com.br\/novo\/#website","url":"https:\/\/destinationsjc.com.br\/novo\/","name":"Destination SJC","description":"Site institucional da entidade Destination S\u00e3o Jos\u00e9 dos Campos","publisher":{"@id":"https:\/\/destinationsjc.com.br\/novo\/#organization"},"alternateName":"Destination S\u00e3o Jos\u00e9 dos Campos","potentialAction":[{"@type":"SearchAction","target":{"@type":"EntryPoint","urlTemplate":"https:\/\/destinationsjc.com.br\/novo\/?s={search_term_string}"},"query-input":{"@type":"PropertyValueSpecification","valueRequired":true,"valueName":"search_term_string"}}],"inLanguage":"pt-BR"},{"@type":"Organization","@id":"https:\/\/destinationsjc.com.br\/novo\/#organization","name":"Destination SJC","alternateName":"Destination S\u00e3o Jos\u00e9 dos Campos","url":"https:\/\/destinationsjc.com.br\/novo\/","logo":{"@type":"ImageObject","inLanguage":"pt-BR","@id":"https:\/\/destinationsjc.com.br\/novo\/#\/schema\/logo\/image\/","url":"https:\/\/destinationsjc.com.br\/novo\/wp-content\/uploads\/2021\/12\/logoteste.png","contentUrl":"https:\/\/destinationsjc.com.br\/novo\/wp-content\/uploads\/2021\/12\/logoteste.png","width":532,"height":463,"caption":"Destination SJC"},"image":{"@id":"https:\/\/destinationsjc.com.br\/novo\/#\/schema\/logo\/image\/"},"sameAs":["https:\/\/www.facebook.com\/destinationsjc","https:\/\/www.instagram.com\/destinationsjc\/"]}]}},"_links":{"self":[{"href":"https:\/\/destinationsjc.com.br\/novo\/wp-json\/wp\/v2\/pages\/1169","targetHints":{"allow":["GET"]}}],"collection":[{"href":"https:\/\/destinationsjc.com.br\/novo\/wp-json\/wp\/v2\/pages"}],"about":[{"href":"https:\/\/destinationsjc.com.br\/novo\/wp-json\/wp\/v2\/types\/page"}],"author":[{"embeddable":true,"href":"https:\/\/destinationsjc.com.br\/novo\/wp-json\/wp\/v2\/users\/1"}],"replies":[{"embeddable":true,"href":"https:\/\/destinationsjc.com.br\/novo\/wp-json\/wp\/v2\/comments?post=1169"}],"version-history":[{"count":5,"href":"https:\/\/destinationsjc.com.br\/novo\/wp-json\/wp\/v2\/pages\/1169\/revisions"}],"predecessor-version":[{"id":1313,"href":"https:\/\/destinationsjc.com.br\/novo\/wp-json\/wp\/v2\/pages\/1169\/revisions\/1313"}],"wp:attachment":[{"href":"https:\/\/destinationsjc.com.br\/novo\/wp-json\/wp\/v2\/media?parent=1169"}],"curies":[{"name":"wp","href":"https:\/\/api.w.org\/{rel}","templated":true}]}}