{"id":1167,"date":"2023-10-27T16:20:23","date_gmt":"2023-10-27T19:20:23","guid":{"rendered":"https:\/\/destinationsjc.com.br\/?page_id=1167"},"modified":"2026-02-24T19:53:16","modified_gmt":"2026-02-24T22:53:16","slug":"servicos-sjc","status":"publish","type":"page","link":"https:\/\/destinationsjc.com.br\/novo\/servicos-sjc\/","title":{"rendered":"Servi\u00e7os"},"content":{"rendered":"\n<p><strong>Farma Conde Arena<\/strong><br>R. Winston Churchill, 230, Jardim das Ind\u00fastrias<br>(12) 3500-0479<\/p>\n\n\n\n<p><strong>PIT &#8211; Parque de Inova\u00e7\u00e3o Tecnol\u00f3gica S\u00e3o Jos\u00e9 dos Campos<\/strong> <br>Estrada Dr. Altino Bondesan, 500, Eug\u00eanio de Melo<br>(12) 3878-9500<\/p>\n\n\n\n<p><strong>Colinas Green Tower <\/strong><br>Colinas Shopping (Av. S\u00e3o Jo\u00e3o, 2200 &#8211; Jardim das Colinas)<br>(12) 3904-4600<\/p>\n\n\n\n<p><strong>Hyde Park e Haus Espa\u00e7o <\/strong><br>Av. Cassiano Ricardo, 401, Jardim Aquarius<br>(12) 3921-2000<\/p>\n\n\n\n<p><strong>Espa\u00e7o Casa Vista<\/strong><br>Rua Manoel Borba Gato, 16, Jardim Nova Am\u00e9rica<br>(12) 99664-3470<\/p>\n\n\n\n<p><strong>Hotel Golden Tulip SJC<\/strong><br>Colinas Shopping (Av. S\u00e3o Jo\u00e3o, 2200 &#8211; Jardim das Colinas)<br>(12) 3131-4100<\/p>\n\n\n\n<p><strong>Novotel<\/strong><br>Av. Dr. N\u00e9lson d&#8217;\u00c1vila, 2200, Vila das Ac\u00e1cias<br>(12) 4009-7800<\/p>\n\n\n\n<p><strong>B&amp;B Hotels SJC<\/strong><br>Rua Lup\u00e9rcio Ant\u00f4nio dos Santos, 31, Vila Betania<br>(12) 3925-5500<\/p>\n\n\n\n<p><strong>Mercure SJC<\/strong><br>Av. Jorge Zarur, 81, Torre II, Jardim Apolo<br>(12) 3904-2300<\/p>\n\n\n\n<p><strong> Ibis Colinas<\/strong><br>Av. Jorge Zarur, 81, Torre I, Jardim Apolo<br>(12) 3904-2400<\/p>\n\n\n\n<p><strong>Ibis Dutra<\/strong><br>Av. Cidade Jardim, 101, Jardim Sat\u00e9lite<br>(12) 2139-5950<\/p>\n\n\n\n<p><strong>Ibis Jacare\u00ed<\/strong><br>Rua Tiradentes, 299, Centro (Jacare\u00ed)<br>(12) 3023-2100<\/p>\n\n\n\n<p><strong>Espa\u00e7o Lagoon <\/strong><br>Estrada do Pinheirinho, 200, Urbanova<br>(12) 97402-8369<\/p>\n\n\n\n<p><strong>Pal\u00e1cio Sunset<\/strong><br>R. Dr. Pedro Luiz de Oliveira Costa, 1152 &#8211; Jardim Limoeiro<br>(12) 99717-6967<\/p>\n\n\n\n<p><strong>Arena Fulltrader<\/strong><br>Av. Comendador Vicente de Paulo Penido, 373, Aquarius Open Mall<br>(12) 99700-1311<\/p>\n\n\n\n<p><strong>Quintal &amp; Cia<\/strong><br>Rua dos Marceneiros, 210, Jardim Valpara\u00edba<br>(12) 97402-4014<\/p>\n\n\n\n<p><strong>Mans\u00e3o Eventos<\/strong><br>Estrada Joel de Paula, 137, Eug\u00eanio de Melo<br>(12) 98278-6267<\/p>\n\n\n\n<p><strong>Teatro Colinas<\/strong><br>Colinas Shopping (Av. S\u00e3o Jo\u00e3o, 2200, Jardim das Colinas)<br>(12) 3204-5236<\/p>\n\n\n\n<p><strong>Teatro Municipal <\/strong><br>Shopping Centro (Rua Rubi\u00e3o J\u00fanior, 84, Centro)<br>(12) 3942-1144<\/p>\n\n\n\n<p><strong>Teatro Univap<\/strong><br>Pra\u00e7a C\u00e2ndido Dias Castej\u00f3n, Centro<br>(12) 3947-1009<\/p>\n\n\n\n<p><strong>Cine Teatro Benedito Alves<\/strong> &#8211; Rua Rui D\u00f3ria, 935, Centro<br>(12) 3924-7344<\/p>\n\n\n\n<p><strong>Flight Eventos<\/strong> &#8211; Rua Pedro Rachid, 140, Santana<br>(12) 3923-3000<\/p>\n\n\n\n<p><\/p>\n","protected":false},"excerpt":{"rendered":"<p>Farma Conde ArenaR. Winston Churchill, 230, Jardim das Ind\u00fastrias(12) 3500-0479<\/p>\n<p>PIT &#8211; Parque de Inova\u00e7\u00e3o Tecnol\u00f3gica S\u00e3o Jos\u00e9 dos Campos Estrada &#8230;<\/p>\n","protected":false},"author":1,"featured_media":0,"parent":0,"menu_order":0,"comment_status":"closed","ping_status":"closed","template":"","meta":{"_acf_changed":false,"footnotes":""},"class_list":["post-1167","page","type-page","status-publish","hentry"],"acf":[],"yoast_head":"<!-- This site is optimized with the Yoast SEO plugin v27.0 - https:\/\/yoast.com\/product\/yoast-seo-wordpress\/ -->\n<title>Servi\u00e7os - Destination SJC<\/title>\n<meta name=\"description\" content=\"Farma Conde ArenaR. Winston Churchill, 230, Jardim das Ind\u00fastrias(12) 3500-0479 PIT - Parque de Inova\u00e7\u00e3o Tecnol\u00f3gica S\u00e3o Jos\u00e9 dos Campos Estrada Dr.\" \/>\n<meta name=\"robots\" content=\"index, follow, max-snippet:-1, max-image-preview:large, max-video-preview:-1\" \/>\n<link rel=\"canonical\" href=\"https:\/\/destinationsjc.com.br\/novo\/servicos-sjc\/\" \/>\n<meta property=\"og:locale\" content=\"pt_BR\" \/>\n<meta property=\"og:type\" content=\"article\" \/>\n<meta property=\"og:title\" content=\"Servi\u00e7os - Destination SJC\" \/>\n<meta property=\"og:description\" content=\"Farma Conde ArenaR. Winston Churchill, 230, Jardim das Ind\u00fastrias(12) 3500-0479 PIT - Parque de Inova\u00e7\u00e3o Tecnol\u00f3gica S\u00e3o Jos\u00e9 dos Campos Estrada Dr.\" \/>\n<meta property=\"og:url\" content=\"https:\/\/destinationsjc.com.br\/novo\/servicos-sjc\/\" \/>\n<meta property=\"og:site_name\" content=\"Destination SJC\" \/>\n<meta property=\"article:publisher\" content=\"https:\/\/www.facebook.com\/destinationsjc\" \/>\n<meta property=\"article:modified_time\" content=\"2026-02-24T22:53:16+00:00\" \/>\n<meta property=\"og:image\" content=\"https:\/\/destinationsjc.com.br\/novo\/wp-content\/uploads\/2021\/12\/logoteste.png\" \/>\n\t<meta property=\"og:image:width\" content=\"532\" \/>\n\t<meta property=\"og:image:height\" content=\"463\" \/>\n\t<meta property=\"og:image:type\" content=\"image\/png\" \/>\n<meta name=\"twitter:card\" content=\"summary_large_image\" \/>\n<meta name=\"twitter:label1\" content=\"Est. tempo de leitura\" \/>\n\t<meta name=\"twitter:data1\" content=\"1 minuto\" \/>\n<script type=\"application\/ld+json\" class=\"yoast-schema-graph\">{\"@context\":\"https:\/\/schema.org\",\"@graph\":[{\"@type\":\"WebPage\",\"@id\":\"https:\/\/destinationsjc.com.br\/novo\/servicos-sjc\/\",\"url\":\"https:\/\/destinationsjc.com.br\/novo\/servicos-sjc\/\",\"name\":\"Servi\u00e7os - Destination SJC\",\"isPartOf\":{\"@id\":\"https:\/\/destinationsjc.com.br\/novo\/#website\"},\"datePublished\":\"2023-10-27T19:20:23+00:00\",\"dateModified\":\"2026-02-24T22:53:16+00:00\",\"description\":\"Farma Conde ArenaR. Winston Churchill, 230, Jardim das Ind\u00fastrias(12) 3500-0479 PIT - Parque de Inova\u00e7\u00e3o Tecnol\u00f3gica S\u00e3o Jos\u00e9 dos Campos Estrada Dr.\",\"inLanguage\":\"pt-BR\",\"potentialAction\":[{\"@type\":\"ReadAction\",\"target\":[\"https:\/\/destinationsjc.com.br\/novo\/servicos-sjc\/\"]}]},{\"@type\":\"WebSite\",\"@id\":\"https:\/\/destinationsjc.com.br\/novo\/#website\",\"url\":\"https:\/\/destinationsjc.com.br\/novo\/\",\"name\":\"Destination SJC\",\"description\":\"Site institucional da entidade Destination S\u00e3o Jos\u00e9 dos Campos\",\"publisher\":{\"@id\":\"https:\/\/destinationsjc.com.br\/novo\/#organization\"},\"alternateName\":\"Destination S\u00e3o Jos\u00e9 dos Campos\",\"potentialAction\":[{\"@type\":\"SearchAction\",\"target\":{\"@type\":\"EntryPoint\",\"urlTemplate\":\"https:\/\/destinationsjc.com.br\/novo\/?s={search_term_string}\"},\"query-input\":{\"@type\":\"PropertyValueSpecification\",\"valueRequired\":true,\"valueName\":\"search_term_string\"}}],\"inLanguage\":\"pt-BR\"},{\"@type\":\"Organization\",\"@id\":\"https:\/\/destinationsjc.com.br\/novo\/#organization\",\"name\":\"Destination SJC\",\"alternateName\":\"Destination S\u00e3o Jos\u00e9 dos Campos\",\"url\":\"https:\/\/destinationsjc.com.br\/novo\/\",\"logo\":{\"@type\":\"ImageObject\",\"inLanguage\":\"pt-BR\",\"@id\":\"https:\/\/destinationsjc.com.br\/novo\/#\/schema\/logo\/image\/\",\"url\":\"https:\/\/destinationsjc.com.br\/novo\/wp-content\/uploads\/2021\/12\/logoteste.png\",\"contentUrl\":\"https:\/\/destinationsjc.com.br\/novo\/wp-content\/uploads\/2021\/12\/logoteste.png\",\"width\":532,\"height\":463,\"caption\":\"Destination SJC\"},\"image\":{\"@id\":\"https:\/\/destinationsjc.com.br\/novo\/#\/schema\/logo\/image\/\"},\"sameAs\":[\"https:\/\/www.facebook.com\/destinationsjc\",\"https:\/\/www.instagram.com\/destinationsjc\/\"]}]}<\/script>\n<!-- \/ Yoast SEO plugin. -->","yoast_head_json":{"title":"Servi\u00e7os - Destination SJC","description":"Farma Conde ArenaR. Winston Churchill, 230, Jardim das Ind\u00fastrias(12) 3500-0479 PIT - Parque de Inova\u00e7\u00e3o Tecnol\u00f3gica S\u00e3o Jos\u00e9 dos Campos Estrada Dr.","robots":{"index":"index","follow":"follow","max-snippet":"max-snippet:-1","max-image-preview":"max-image-preview:large","max-video-preview":"max-video-preview:-1"},"canonical":"https:\/\/destinationsjc.com.br\/novo\/servicos-sjc\/","og_locale":"pt_BR","og_type":"article","og_title":"Servi\u00e7os - Destination SJC","og_description":"Farma Conde ArenaR. Winston Churchill, 230, Jardim das Ind\u00fastrias(12) 3500-0479 PIT - Parque de Inova\u00e7\u00e3o Tecnol\u00f3gica S\u00e3o Jos\u00e9 dos Campos Estrada Dr.","og_url":"https:\/\/destinationsjc.com.br\/novo\/servicos-sjc\/","og_site_name":"Destination SJC","article_publisher":"https:\/\/www.facebook.com\/destinationsjc","article_modified_time":"2026-02-24T22:53:16+00:00","og_image":[{"width":532,"height":463,"url":"https:\/\/destinationsjc.com.br\/novo\/wp-content\/uploads\/2021\/12\/logoteste.png","type":"image\/png"}],"twitter_card":"summary_large_image","twitter_misc":{"Est. tempo de leitura":"1 minuto"},"schema":{"@context":"https:\/\/schema.org","@graph":[{"@type":"WebPage","@id":"https:\/\/destinationsjc.com.br\/novo\/servicos-sjc\/","url":"https:\/\/destinationsjc.com.br\/novo\/servicos-sjc\/","name":"Servi\u00e7os - Destination SJC","isPartOf":{"@id":"https:\/\/destinationsjc.com.br\/novo\/#website"},"datePublished":"2023-10-27T19:20:23+00:00","dateModified":"2026-02-24T22:53:16+00:00","description":"Farma Conde ArenaR. Winston Churchill, 230, Jardim das Ind\u00fastrias(12) 3500-0479 PIT - Parque de Inova\u00e7\u00e3o Tecnol\u00f3gica S\u00e3o Jos\u00e9 dos Campos Estrada Dr.","inLanguage":"pt-BR","potentialAction":[{"@type":"ReadAction","target":["https:\/\/destinationsjc.com.br\/novo\/servicos-sjc\/"]}]},{"@type":"WebSite","@id":"https:\/\/destinationsjc.com.br\/novo\/#website","url":"https:\/\/destinationsjc.com.br\/novo\/","name":"Destination SJC","description":"Site institucional da entidade Destination S\u00e3o Jos\u00e9 dos Campos","publisher":{"@id":"https:\/\/destinationsjc.com.br\/novo\/#organization"},"alternateName":"Destination S\u00e3o Jos\u00e9 dos Campos","potentialAction":[{"@type":"SearchAction","target":{"@type":"EntryPoint","urlTemplate":"https:\/\/destinationsjc.com.br\/novo\/?s={search_term_string}"},"query-input":{"@type":"PropertyValueSpecification","valueRequired":true,"valueName":"search_term_string"}}],"inLanguage":"pt-BR"},{"@type":"Organization","@id":"https:\/\/destinationsjc.com.br\/novo\/#organization","name":"Destination SJC","alternateName":"Destination S\u00e3o Jos\u00e9 dos Campos","url":"https:\/\/destinationsjc.com.br\/novo\/","logo":{"@type":"ImageObject","inLanguage":"pt-BR","@id":"https:\/\/destinationsjc.com.br\/novo\/#\/schema\/logo\/image\/","url":"https:\/\/destinationsjc.com.br\/novo\/wp-content\/uploads\/2021\/12\/logoteste.png","contentUrl":"https:\/\/destinationsjc.com.br\/novo\/wp-content\/uploads\/2021\/12\/logoteste.png","width":532,"height":463,"caption":"Destination SJC"},"image":{"@id":"https:\/\/destinationsjc.com.br\/novo\/#\/schema\/logo\/image\/"},"sameAs":["https:\/\/www.facebook.com\/destinationsjc","https:\/\/www.instagram.com\/destinationsjc\/"]}]}},"_links":{"self":[{"href":"https:\/\/destinationsjc.com.br\/novo\/wp-json\/wp\/v2\/pages\/1167","targetHints":{"allow":["GET"]}}],"collection":[{"href":"https:\/\/destinationsjc.com.br\/novo\/wp-json\/wp\/v2\/pages"}],"about":[{"href":"https:\/\/destinationsjc.com.br\/novo\/wp-json\/wp\/v2\/types\/page"}],"author":[{"embeddable":true,"href":"https:\/\/destinationsjc.com.br\/novo\/wp-json\/wp\/v2\/users\/1"}],"replies":[{"embeddable":true,"href":"https:\/\/destinationsjc.com.br\/novo\/wp-json\/wp\/v2\/comments?post=1167"}],"version-history":[{"count":4,"href":"https:\/\/destinationsjc.com.br\/novo\/wp-json\/wp\/v2\/pages\/1167\/revisions"}],"predecessor-version":[{"id":1458,"href":"https:\/\/destinationsjc.com.br\/novo\/wp-json\/wp\/v2\/pages\/1167\/revisions\/1458"}],"wp:attachment":[{"href":"https:\/\/destinationsjc.com.br\/novo\/wp-json\/wp\/v2\/media?parent=1167"}],"curies":[{"name":"wp","href":"https:\/\/api.w.org\/{rel}","templated":true}]}}