{"id":1160,"date":"2023-10-27T15:51:48","date_gmt":"2023-10-27T18:51:48","guid":{"rendered":"https:\/\/destinationsjc.com.br\/?page_id=1160"},"modified":"2026-02-26T13:03:51","modified_gmt":"2026-02-26T16:03:51","slug":"a-cidade","status":"publish","type":"page","link":"https:\/\/destinationsjc.com.br\/novo\/a-cidade\/","title":{"rendered":"A Cidade"},"content":{"rendered":"\n<p>Com 727.078 habitantes (Censo 2025), S\u00e3o Jos\u00e9 dos Campos \u00e9 a nona cidade no ranking populacional de S\u00e3o Paulo. \u00c9 considerada a capital da RMVale (Regi\u00e3o Metropolitana do Vale do Para\u00edba e Litoral Norte), que engloba 39 cidades e mais de 2,5 milh\u00f5es de habitantes.<\/p>\n\n\n\n<p>Com PIB de R$ 45, 3 bilh\u00f5es (8\u00ba de S\u00e3o Paulo e 21\u00ba do Brasil), \u00e9 uma das maiores exportadoras do pa\u00eds, com m\u00e9dia de R$ 2,9 bilh\u00f5es por ano. Localizada no eixo Rio-SP, est\u00e1 pr\u00f3xima de algumas das principais rodovias do pa\u00eds, como a Dutra, Carvalho Pinto, Ayrton Senna e Tamoios, tem um aeroporto municipal que transporta 35 mil passageiros por ano \u2013 e iniciou rotas de carga internacionais \u2013 e est\u00e1 pr\u00f3xima do Aeroporto de Guarulhos, o principal da Am\u00e9rica Latina.<\/p>\n\n\n\n<p>Foi certificada pela ABNT (Associa\u00e7\u00e3o Brasileira de Normas T\u00e9cnicas) como \u201cCidade Inteligente, Sustent\u00e1vel e Resiliente\u201d, a partir de tr\u00eas normas internacionais ISO (37120, 37122 e 37123) \u2013 regulamentadas pelo World Council on City Data, institui\u00e7\u00e3o ligada \u00e0 ONU (Organiza\u00e7\u00e3o das Na\u00e7\u00f5es Unidas) \u2013, que levam em conta servi\u00e7os urbanos, qualidade de vida e pr\u00e1ticas sustent\u00e1veis.<\/p>\n\n\n\n<p>S\u00e3o Jos\u00e9 \u00e9 o maior centro tecnol\u00f3gico da Am\u00e9rica Latina, um cluster de inova\u00e7\u00e3o, tecnologia, educa\u00e7\u00e3o e pesquisa. Possui ind\u00fastrias que s\u00e3o refer\u00eancia em aeron\u00e1utica, aeroespacial, automobil\u00edstica, petr\u00f3leo, g\u00e1s, telecomunica\u00e7\u00f5es e de Defesa. Ber\u00e7o da Embraer, gigante aeron\u00e1utica, tem no PIT (Parque de Inova\u00e7\u00e3o Tecnol\u00f3gica) um dos maiores polos de inova\u00e7\u00e3o e tecnologia do pa\u00eds, com 330 empresas vinculadas, 11 laborat\u00f3rios e seis universidades. Institui\u00e7\u00f5es como o ITA (Instituto de Tecnologia) e o INPE (Instituto Nacional de Pesquisas Espaciais) s\u00e3o algumas das mais respeitadas do Brasil.<\/p>\n\n\n\n<p>No transporte p\u00fablico, a cidade se destaca pela frota de 400 \u00f4nibus, que at\u00e9 2026 deve ser 100% el\u00e9trica. A cidade tem o moderno CSI (Centro de Seguran\u00e7a e Intelig\u00eancia), considerado o maior do Brasil, com 1.186 c\u00e2meras que utilizam intelig\u00eancia artificial e reconhecimento facial espalhadas por toda a cidade.<\/p>\n\n\n\n<p>Com uma ampla rede hospitalar e de escolas de educa\u00e7\u00e3o infantil e ensino m\u00e9dio, o munic\u00edpio tem IDH (\u00cdndice de Desenvolvimento Humano) de 0,807, o 24\u00ba do pa\u00eds, e foi considerado o mais feliz do estado de S\u00e3o Paulo, e o segundo mais feliz do Brasil, em estudo divulgado em 2025 segundo crit\u00e9rios da ONU, atr\u00e1s apenas de Joinville (SC), e \u00e0 frente de Curitiba (PR), a terceira colocada.<br><\/p>\n\n\n\n<figure class=\"wp-block-gallery has-nested-images columns-default is-cropped wp-block-gallery-1 is-layout-flex wp-block-gallery-is-layout-flex\">\n<figure class=\"wp-block-image alignwide size-large\"><a href=\"https:\/\/destinationsjc.com.br\/novo\/wp-content\/uploads\/2026\/02\/10embraer-scaled.jpg\" rel=\"lightbox-0\"><img loading=\"lazy\" decoding=\"async\" width=\"1024\" height=\"450\" data-id=\"1455\" src=\"https:\/\/destinationsjc.com.br\/novo\/wp-content\/uploads\/2026\/02\/10embraer-1024x450.jpg\" alt=\"\" class=\"wp-image-1455\" srcset=\"https:\/\/destinationsjc.com.br\/novo\/wp-content\/uploads\/2026\/02\/10embraer-1024x450.jpg 1024w, https:\/\/destinationsjc.com.br\/novo\/wp-content\/uploads\/2026\/02\/10embraer-300x132.jpg 300w, https:\/\/destinationsjc.com.br\/novo\/wp-content\/uploads\/2026\/02\/10embraer-768x337.jpg 768w, https:\/\/destinationsjc.com.br\/novo\/wp-content\/uploads\/2026\/02\/10embraer-1536x674.jpg 1536w, https:\/\/destinationsjc.com.br\/novo\/wp-content\/uploads\/2026\/02\/10embraer-2048x899.jpg 2048w\" sizes=\"auto, (max-width: 1024px) 100vw, 1024px\" \/><\/a><\/figure>\n<\/figure>\n\n\n\n<div class=\"wp-block-columns is-layout-flex wp-container-core-columns-is-layout-9d6595d7 wp-block-columns-is-layout-flex\">\n<div class=\"wp-block-column dadoscidade is-layout-flow wp-block-column-is-layout-flow\">\n<h2 class=\"wp-block-heading has-text-align-center\">727.078 <\/h2>\n\n\n\n<h3 class=\"wp-block-heading has-text-align-center\">habitantes <\/h3>\n\n\n\n<p class=\"has-text-align-center\">(estimativa Censo, 2025)\u2028<\/p>\n<\/div>\n\n\n\n<div class=\"wp-block-column dadoscidade is-layout-flow wp-block-column-is-layout-flow\">\n<h2 class=\"wp-block-heading has-text-align-center\">R$ 45,3 bi<\/h2>\n\n\n\n<h3 class=\"wp-block-heading has-text-align-center\">de PIB<\/h3>\n\n\n\n<p class=\"has-text-align-center\">(8\u00ba de S\u00e3o Paulo e 21\u00ba do Brasil)\u2028<\/p>\n<\/div>\n\n\n\n<div class=\"wp-block-column dadoscidade is-layout-flow wp-block-column-is-layout-flow\">\n<h2 class=\"wp-block-heading has-text-align-center\">US$ 3,68 bi<\/h2>\n\n\n\n<h3 class=\"wp-block-heading has-text-align-center\">em Exporta\u00e7\u00f5es<\/h3>\n\n\n\n<p class=\"has-text-align-center\">(Minist\u00e9rio do Desenvolvimento, Ind\u00fastria, Com\u00e9rcio e Servi\u00e7os, 2024)\u2028<\/p>\n<\/div>\n<\/div>\n\n\n\n<div class=\"wp-block-columns is-layout-flex wp-container-core-columns-is-layout-9d6595d7 wp-block-columns-is-layout-flex\">\n<div class=\"wp-block-column dadoscidade is-layout-flow wp-block-column-is-layout-flow\">\n<h2 class=\"wp-block-heading has-text-align-center\">0,807<\/h2>\n\n\n\n<h3 class=\"wp-block-heading has-text-align-center\">de IDH <\/h3>\n\n\n\n<p class=\"has-text-align-center\">(\u00cdndice de Desenvolvimento Humano &#8211; 24\u00ba do pa\u00eds)\u2028<\/p>\n<\/div>\n\n\n\n<div class=\"wp-block-column dadoscidade is-layout-flow wp-block-column-is-layout-flow\">\n<h2 class=\"wp-block-heading has-text-align-center\">62%<\/h2>\n\n\n\n<h3 class=\"wp-block-heading has-text-align-center\">do territ\u00f3rio<\/h3>\n\n\n\n<p class=\"has-text-align-center\">(Preserva\u00e7\u00e3o ambiental)\u2028<\/p>\n<\/div>\n\n\n\n<div class=\"wp-block-column dadoscidade is-layout-flow wp-block-column-is-layout-flow\">\n<h2 class=\"wp-block-heading has-text-align-center\">Cidade + feliz <\/h2>\n\n\n\n<h3 class=\"wp-block-heading has-text-align-center\">do estado de SP<\/h3>\n\n\n\n<p class=\"has-text-align-center\">(Revista Bula, 2025)\u2028<\/p>\n<\/div>\n<\/div>\n\n\n\n<div class=\"wp-block-columns is-layout-flex wp-container-core-columns-is-layout-9d6595d7 wp-block-columns-is-layout-flex\">\n<div class=\"wp-block-column dadoscidade is-layout-flow wp-block-column-is-layout-flow\">\n<h2 class=\"wp-block-heading has-text-align-center\">Certificada p\/ ABNT<\/h2>\n\n\n\n<h3 class=\"wp-block-heading has-text-align-center\">\u201cCidade Inteligente, Sustent\u00e1vel e Resiliente\u201d\u2028<\/h3>\n\n\n\n<p class=\"has-text-align-center\">(Associa\u00e7\u00e3o Brasileira de Normas T\u00e9cnicas)<\/p>\n<\/div>\n\n\n\n<div class=\"wp-block-column dadoscidade is-layout-flow wp-block-column-is-layout-flow\">\n<h2 class=\"wp-block-heading has-text-align-center\">Maior centro tecnol\u00f3gico<\/h2>\n\n\n\n<h3 class=\"wp-block-heading has-text-align-center\">da Am\u00e9rica Latina<\/h3>\n\n\n\n<p class=\"has-text-align-center\">(Um cluster de inova\u00e7\u00e3o, tecnologia, educa\u00e7\u00e3o e pesquisa\u2028)\u2028<\/p>\n<\/div>\n\n\n\n<div class=\"wp-block-column dadoscidade is-layout-flow wp-block-column-is-layout-flow\">\n<h2 class=\"wp-block-heading has-text-align-center\">Localiza\u00e7\u00e3o estrat\u00e9gica<\/h2>\n\n\n\n<h3 class=\"wp-block-heading has-text-align-center\">88 km de SP \/ 347 km do RJ<\/h3>\n\n\n\n<p class=\"has-text-align-center\">(71 km do aeroporto de Guarulhos \/ 111 km do Porto de S\u00e3o Sebasti\u00e3o)\u2028<\/p>\n<\/div>\n<\/div>\n","protected":false},"excerpt":{"rendered":"<p>Com 727.078 habitantes (Censo 2025), S\u00e3o Jos\u00e9 dos Campos \u00e9 a nona cidade no ranking populacional de S\u00e3o Paulo. \u00c9 &#8230;<\/p>\n","protected":false},"author":1,"featured_media":0,"parent":0,"menu_order":0,"comment_status":"closed","ping_status":"closed","template":"","meta":{"_acf_changed":false,"footnotes":""},"class_list":["post-1160","page","type-page","status-publish","hentry"],"acf":[],"yoast_head":"<!-- This site is optimized with the Yoast SEO plugin v27.0 - https:\/\/yoast.com\/product\/yoast-seo-wordpress\/ -->\n<title>A Cidade - Destination SJC<\/title>\n<meta name=\"description\" content=\"Com 727.078 habitantes (Censo 2025), S\u00e3o Jos\u00e9 dos Campos \u00e9 a nona cidade no ranking populacional de S\u00e3o Paulo. \u00c9 considerada a capital da RMVale (Regi\u00e3o\" \/>\n<meta name=\"robots\" content=\"index, follow, max-snippet:-1, max-image-preview:large, max-video-preview:-1\" \/>\n<link rel=\"canonical\" href=\"https:\/\/destinationsjc.com.br\/novo\/a-cidade\/\" \/>\n<meta property=\"og:locale\" content=\"pt_BR\" \/>\n<meta property=\"og:type\" content=\"article\" \/>\n<meta property=\"og:title\" content=\"A Cidade - Destination SJC\" \/>\n<meta property=\"og:description\" content=\"Com 727.078 habitantes (Censo 2025), S\u00e3o Jos\u00e9 dos Campos \u00e9 a nona cidade no ranking populacional de S\u00e3o Paulo. \u00c9 considerada a capital da RMVale (Regi\u00e3o\" \/>\n<meta property=\"og:url\" content=\"https:\/\/destinationsjc.com.br\/novo\/a-cidade\/\" \/>\n<meta property=\"og:site_name\" content=\"Destination SJC\" \/>\n<meta property=\"article:publisher\" content=\"https:\/\/www.facebook.com\/destinationsjc\" \/>\n<meta property=\"article:modified_time\" content=\"2026-02-26T16:03:51+00:00\" \/>\n<meta property=\"og:image\" content=\"https:\/\/destinationsjc.com.br\/novo\/wp-content\/uploads\/2026\/02\/10embraer-1024x450.jpg\" \/>\n<meta name=\"twitter:card\" content=\"summary_large_image\" \/>\n<meta name=\"twitter:label1\" content=\"Est. tempo de leitura\" \/>\n\t<meta name=\"twitter:data1\" content=\"3 minutos\" \/>\n<script type=\"application\/ld+json\" class=\"yoast-schema-graph\">{\"@context\":\"https:\/\/schema.org\",\"@graph\":[{\"@type\":\"WebPage\",\"@id\":\"https:\/\/destinationsjc.com.br\/novo\/a-cidade\/\",\"url\":\"https:\/\/destinationsjc.com.br\/novo\/a-cidade\/\",\"name\":\"A Cidade - Destination SJC\",\"isPartOf\":{\"@id\":\"https:\/\/destinationsjc.com.br\/novo\/#website\"},\"primaryImageOfPage\":{\"@id\":\"https:\/\/destinationsjc.com.br\/novo\/a-cidade\/#primaryimage\"},\"image\":{\"@id\":\"https:\/\/destinationsjc.com.br\/novo\/a-cidade\/#primaryimage\"},\"thumbnailUrl\":\"https:\/\/destinationsjc.com.br\/novo\/wp-content\/uploads\/2026\/02\/10embraer-1024x450.jpg\",\"datePublished\":\"2023-10-27T18:51:48+00:00\",\"dateModified\":\"2026-02-26T16:03:51+00:00\",\"description\":\"Com 727.078 habitantes (Censo 2025), S\u00e3o Jos\u00e9 dos Campos \u00e9 a nona cidade no ranking populacional de S\u00e3o Paulo. \u00c9 considerada a capital da RMVale (Regi\u00e3o\",\"inLanguage\":\"pt-BR\",\"potentialAction\":[{\"@type\":\"ReadAction\",\"target\":[\"https:\/\/destinationsjc.com.br\/novo\/a-cidade\/\"]}]},{\"@type\":\"ImageObject\",\"inLanguage\":\"pt-BR\",\"@id\":\"https:\/\/destinationsjc.com.br\/novo\/a-cidade\/#primaryimage\",\"url\":\"https:\/\/destinationsjc.com.br\/novo\/wp-content\/uploads\/2026\/02\/10embraer-scaled.jpg\",\"contentUrl\":\"https:\/\/destinationsjc.com.br\/novo\/wp-content\/uploads\/2026\/02\/10embraer-scaled.jpg\",\"width\":2560,\"height\":1124,\"caption\":\"BRASIL - SP 2018-10-30 ECONOMIA TECNOLOGIA - Vista da linha de montagem e produ\u008d\u008bo do Legacy 500 Embraer na matriz da empresa em S\u008bo Jos\u008e dos Campos \/ fabricaci\u0097n del Legacy 500 Embraer en la sede de Embraer en S\u008bo Jos\u008e dos Campos \/ Legacy 500 Embraer at Embraer headquarters in S\u008bo Jos\u008e dos Campos \/ Brasilien : Werkalle f\u009fr Montage - und Fertigung des Legacy 500 Embraer am Firmensitz von Embraer in S\u008bo Jos\u008e dos Campos \u00a9 Lucas Lacaz Ruiz\/LATINPHOTO.org\"},{\"@type\":\"WebSite\",\"@id\":\"https:\/\/destinationsjc.com.br\/novo\/#website\",\"url\":\"https:\/\/destinationsjc.com.br\/novo\/\",\"name\":\"Destination SJC\",\"description\":\"Site institucional da entidade Destination S\u00e3o Jos\u00e9 dos Campos\",\"publisher\":{\"@id\":\"https:\/\/destinationsjc.com.br\/novo\/#organization\"},\"alternateName\":\"Destination S\u00e3o Jos\u00e9 dos Campos\",\"potentialAction\":[{\"@type\":\"SearchAction\",\"target\":{\"@type\":\"EntryPoint\",\"urlTemplate\":\"https:\/\/destinationsjc.com.br\/novo\/?s={search_term_string}\"},\"query-input\":{\"@type\":\"PropertyValueSpecification\",\"valueRequired\":true,\"valueName\":\"search_term_string\"}}],\"inLanguage\":\"pt-BR\"},{\"@type\":\"Organization\",\"@id\":\"https:\/\/destinationsjc.com.br\/novo\/#organization\",\"name\":\"Destination SJC\",\"alternateName\":\"Destination S\u00e3o Jos\u00e9 dos Campos\",\"url\":\"https:\/\/destinationsjc.com.br\/novo\/\",\"logo\":{\"@type\":\"ImageObject\",\"inLanguage\":\"pt-BR\",\"@id\":\"https:\/\/destinationsjc.com.br\/novo\/#\/schema\/logo\/image\/\",\"url\":\"https:\/\/destinationsjc.com.br\/novo\/wp-content\/uploads\/2021\/12\/logoteste.png\",\"contentUrl\":\"https:\/\/destinationsjc.com.br\/novo\/wp-content\/uploads\/2021\/12\/logoteste.png\",\"width\":532,\"height\":463,\"caption\":\"Destination SJC\"},\"image\":{\"@id\":\"https:\/\/destinationsjc.com.br\/novo\/#\/schema\/logo\/image\/\"},\"sameAs\":[\"https:\/\/www.facebook.com\/destinationsjc\",\"https:\/\/www.instagram.com\/destinationsjc\/\"]}]}<\/script>\n<!-- \/ Yoast SEO plugin. -->","yoast_head_json":{"title":"A Cidade - Destination SJC","description":"Com 727.078 habitantes (Censo 2025), S\u00e3o Jos\u00e9 dos Campos \u00e9 a nona cidade no ranking populacional de S\u00e3o Paulo. \u00c9 considerada a capital da RMVale (Regi\u00e3o","robots":{"index":"index","follow":"follow","max-snippet":"max-snippet:-1","max-image-preview":"max-image-preview:large","max-video-preview":"max-video-preview:-1"},"canonical":"https:\/\/destinationsjc.com.br\/novo\/a-cidade\/","og_locale":"pt_BR","og_type":"article","og_title":"A Cidade - Destination SJC","og_description":"Com 727.078 habitantes (Censo 2025), S\u00e3o Jos\u00e9 dos Campos \u00e9 a nona cidade no ranking populacional de S\u00e3o Paulo. \u00c9 considerada a capital da RMVale (Regi\u00e3o","og_url":"https:\/\/destinationsjc.com.br\/novo\/a-cidade\/","og_site_name":"Destination SJC","article_publisher":"https:\/\/www.facebook.com\/destinationsjc","article_modified_time":"2026-02-26T16:03:51+00:00","og_image":[{"url":"https:\/\/destinationsjc.com.br\/novo\/wp-content\/uploads\/2026\/02\/10embraer-1024x450.jpg","type":"","width":"","height":""}],"twitter_card":"summary_large_image","twitter_misc":{"Est. tempo de leitura":"3 minutos"},"schema":{"@context":"https:\/\/schema.org","@graph":[{"@type":"WebPage","@id":"https:\/\/destinationsjc.com.br\/novo\/a-cidade\/","url":"https:\/\/destinationsjc.com.br\/novo\/a-cidade\/","name":"A Cidade - Destination SJC","isPartOf":{"@id":"https:\/\/destinationsjc.com.br\/novo\/#website"},"primaryImageOfPage":{"@id":"https:\/\/destinationsjc.com.br\/novo\/a-cidade\/#primaryimage"},"image":{"@id":"https:\/\/destinationsjc.com.br\/novo\/a-cidade\/#primaryimage"},"thumbnailUrl":"https:\/\/destinationsjc.com.br\/novo\/wp-content\/uploads\/2026\/02\/10embraer-1024x450.jpg","datePublished":"2023-10-27T18:51:48+00:00","dateModified":"2026-02-26T16:03:51+00:00","description":"Com 727.078 habitantes (Censo 2025), S\u00e3o Jos\u00e9 dos Campos \u00e9 a nona cidade no ranking populacional de S\u00e3o Paulo. \u00c9 considerada a capital da RMVale (Regi\u00e3o","inLanguage":"pt-BR","potentialAction":[{"@type":"ReadAction","target":["https:\/\/destinationsjc.com.br\/novo\/a-cidade\/"]}]},{"@type":"ImageObject","inLanguage":"pt-BR","@id":"https:\/\/destinationsjc.com.br\/novo\/a-cidade\/#primaryimage","url":"https:\/\/destinationsjc.com.br\/novo\/wp-content\/uploads\/2026\/02\/10embraer-scaled.jpg","contentUrl":"https:\/\/destinationsjc.com.br\/novo\/wp-content\/uploads\/2026\/02\/10embraer-scaled.jpg","width":2560,"height":1124,"caption":"BRASIL - SP 2018-10-30 ECONOMIA TECNOLOGIA - Vista da linha de montagem e produ\u008d\u008bo do Legacy 500 Embraer na matriz da empresa em S\u008bo Jos\u008e dos Campos \/ fabricaci\u0097n del Legacy 500 Embraer en la sede de Embraer en S\u008bo Jos\u008e dos Campos \/ Legacy 500 Embraer at Embraer headquarters in S\u008bo Jos\u008e dos Campos \/ Brasilien : Werkalle f\u009fr Montage - und Fertigung des Legacy 500 Embraer am Firmensitz von Embraer in S\u008bo Jos\u008e dos Campos \u00a9 Lucas Lacaz Ruiz\/LATINPHOTO.org"},{"@type":"WebSite","@id":"https:\/\/destinationsjc.com.br\/novo\/#website","url":"https:\/\/destinationsjc.com.br\/novo\/","name":"Destination SJC","description":"Site institucional da entidade Destination S\u00e3o Jos\u00e9 dos Campos","publisher":{"@id":"https:\/\/destinationsjc.com.br\/novo\/#organization"},"alternateName":"Destination S\u00e3o Jos\u00e9 dos Campos","potentialAction":[{"@type":"SearchAction","target":{"@type":"EntryPoint","urlTemplate":"https:\/\/destinationsjc.com.br\/novo\/?s={search_term_string}"},"query-input":{"@type":"PropertyValueSpecification","valueRequired":true,"valueName":"search_term_string"}}],"inLanguage":"pt-BR"},{"@type":"Organization","@id":"https:\/\/destinationsjc.com.br\/novo\/#organization","name":"Destination SJC","alternateName":"Destination S\u00e3o Jos\u00e9 dos Campos","url":"https:\/\/destinationsjc.com.br\/novo\/","logo":{"@type":"ImageObject","inLanguage":"pt-BR","@id":"https:\/\/destinationsjc.com.br\/novo\/#\/schema\/logo\/image\/","url":"https:\/\/destinationsjc.com.br\/novo\/wp-content\/uploads\/2021\/12\/logoteste.png","contentUrl":"https:\/\/destinationsjc.com.br\/novo\/wp-content\/uploads\/2021\/12\/logoteste.png","width":532,"height":463,"caption":"Destination SJC"},"image":{"@id":"https:\/\/destinationsjc.com.br\/novo\/#\/schema\/logo\/image\/"},"sameAs":["https:\/\/www.facebook.com\/destinationsjc","https:\/\/www.instagram.com\/destinationsjc\/"]}]}},"_links":{"self":[{"href":"https:\/\/destinationsjc.com.br\/novo\/wp-json\/wp\/v2\/pages\/1160","targetHints":{"allow":["GET"]}}],"collection":[{"href":"https:\/\/destinationsjc.com.br\/novo\/wp-json\/wp\/v2\/pages"}],"about":[{"href":"https:\/\/destinationsjc.com.br\/novo\/wp-json\/wp\/v2\/types\/page"}],"author":[{"embeddable":true,"href":"https:\/\/destinationsjc.com.br\/novo\/wp-json\/wp\/v2\/users\/1"}],"replies":[{"embeddable":true,"href":"https:\/\/destinationsjc.com.br\/novo\/wp-json\/wp\/v2\/comments?post=1160"}],"version-history":[{"count":24,"href":"https:\/\/destinationsjc.com.br\/novo\/wp-json\/wp\/v2\/pages\/1160\/revisions"}],"predecessor-version":[{"id":1555,"href":"https:\/\/destinationsjc.com.br\/novo\/wp-json\/wp\/v2\/pages\/1160\/revisions\/1555"}],"wp:attachment":[{"href":"https:\/\/destinationsjc.com.br\/novo\/wp-json\/wp\/v2\/media?parent=1160"}],"curies":[{"name":"wp","href":"https:\/\/api.w.org\/{rel}","templated":true}]}}